{"id":9993,"date":"2025-10-17T22:12:38","date_gmt":"2025-10-17T22:12:38","guid":{"rendered":"https:\/\/curamed.ca\/?page_id=9993"},"modified":"2026-01-20T03:46:15","modified_gmt":"2026-01-20T03:46:15","slug":"consultations","status":"publish","type":"page","link":"https:\/\/curamed.ca\/fr\/consultations\/","title":{"rendered":"Consultations m\u00e9dicales"},"content":{"rendered":"<div data-elementor-type=\"wp-page\" data-elementor-id=\"9993\" class=\"elementor elementor-9993\" data-elementor-post-type=\"page\">\n\t\t\t\t<div class=\"wd-negative-gap elementor-element elementor-element-f5fa3f7 e-flex e-con-boxed e-con e-parent\" data-id=\"f5fa3f7\" data-element_type=\"container\">\n\t\t\t\t\t<div class=\"e-con-inner\">\n\t\t\t\t<div class=\"elementor-element elementor-element-8b0f6c0 elementor-widget elementor-widget-wd_text_block\" data-id=\"8b0f6c0\" data-element_type=\"widget\" data-widget_type=\"wd_text_block.default\">\n\t\t\t\t<div class=\"elementor-widget-container\">\n\t\t\t\t\t\t\t<div class=\"wd-text-block reset-last-child text-left\">\n\t\t\t\n\t\t\t<h3 style=\"text-align: center;\">Re\u00e7u pour assurance priv\u00e9e pour chaque type de rendez-vous.<\/h3>\n\t\t\t\t\t<\/div>\n\t\t\t\t\t\t<\/div>\n\t\t\t\t<\/div>\n\t\t\t\t<div class=\"elementor-element elementor-element-e37dc5c elementor-widget elementor-widget-html\" data-id=\"e37dc5c\" data-element_type=\"widget\" data-widget_type=\"html.default\">\n\t\t\t\t\t<style>\r\n    * {\r\n        margin: 0;\r\n        padding: 0;\r\n        box-sizing: border-box;\r\n    }\r\n\r\n    .pricing-container {\r\n        max-width: 1200px;\r\n        margin: 0 auto;\r\n        padding: 40px 20px;\r\n        font-family: -apple-system, BlinkMacSystemFont, 'Segoe UI', Roboto, Oxygen, Ubuntu, Cantarell, sans-serif;\r\n    }\r\n\r\n    .pricing-grid {\r\n        display: grid;\r\n        grid-template-columns: repeat(auto-fit, minmax(280px, 1fr));\r\n        gap: 30px;\r\n        margin-bottom: 60px;\r\n    }\r\n\r\n    .pricing-card {\r\n        background: linear-gradient(135deg, #ffffff 0%, #f8f9fa 100%);\r\n        border-radius: 16px;\r\n        padding: 30px;\r\n        box-shadow: 0 4px 6px rgba(0, 0, 0, 0.07);\r\n        transition: all 0.4s cubic-bezier(0.165, 0.84, 0.44, 1);\r\n        position: relative;\r\n        overflow: hidden;\r\n        border: 1px solid rgba(0, 0, 0, 0.06);\r\n        display: flex;\r\n        flex-direction: column;\r\n    }\r\n\r\n    .pricing-card::before {\r\n        content: '';\r\n        position: absolute;\r\n        top: 0;\r\n        left: 0;\r\n        right: 0;\r\n        height: 4px;\r\n        background: #000000;\r\n        transform: scaleX(0);\r\n        transition: transform 0.4s ease;\r\n        transform-origin: left;\r\n    }\r\n\r\n    .pricing-card:hover {\r\n        transform: translateY(-12px);\r\n        box-shadow: 0 20px 40px rgba(0, 0, 0, 0.15);\r\n        border-color: rgba(0, 0, 0, 0.1);\r\n    }\r\n\r\n    .pricing-card:hover::before {\r\n        transform: scaleX(1);\r\n    }\r\n\r\n    .popular-badge {\r\n        position: absolute;\r\n        top: 20px;\r\n        right: -35px;\r\n        background: #000000;\r\n        color: white;\r\n        padding: 8px 45px;\r\n        font-size: 12px;\r\n        font-weight: 700;\r\n        letter-spacing: 1px;\r\n        transform: rotate(45deg);\r\n        box-shadow: 0 4px 8px rgba(0, 0, 0, 0.2);\r\n    }\r\n\r\n    .card-header {\r\n        text-align: center;\r\n        margin-bottom: 20px;\r\n    }\r\n\r\n    .card-title {\r\n        font-size: 24px;\r\n        font-weight: 700;\r\n        margin-bottom: 4px;\r\n        color: #2c3e50;\r\n    }\r\n\r\n    .card-subtitle {\r\n        font-size: 15px;\r\n        color: #5a6c7d;\r\n        font-weight: 400;\r\n    }\r\n\r\n    .price-wrapper {\r\n        text-align: center;\r\n        margin: 15px 0 25px 0;\r\n    }\r\n\r\n    .price {\r\n        font-size: 56px;\r\n        font-weight: 800;\r\n        color: #2c3e50;\r\n        line-height: 1;\r\n        display: flex;\r\n        align-items: flex-start;\r\n        justify-content: center;\r\n    }\r\n    \r\n    .currency {\r\n        font-size: 24px;\r\n        font-weight: 600;\r\n        margin-right: 4px;\r\n        margin-top: 6px;\r\n    }\r\n\r\n    .features-list {\r\n        list-style: none;\r\n        padding: 0;\r\n        margin-bottom: 30px;\r\n        text-align: left;\r\n        color: #5a6c7d;\r\n        flex-grow: 1;\r\n    }\r\n\r\n    .features-list li {\r\n        display: flex;\r\n        align-items: flex-start;\r\n        margin-bottom: 12px;\r\n        font-size: 15px;\r\n        line-height: 1.5;\r\n    }\r\n\r\n    .features-list svg {\r\n        width: 18px;\r\n        height: 18px;\r\n        margin-right: 10px;\r\n        flex-shrink: 0;\r\n        margin-top: 3px;\r\n        stroke: #000000;\r\n    }\r\n\r\n    .book-button {\r\n        display: block;\r\n        width: 100%;\r\n        padding: 16px 32px;\r\n        background: #000000;\r\n        color: white;\r\n        border: none;\r\n        border-radius: 10px;\r\n        font-size: 16px;\r\n        font-weight: 600;\r\n        cursor: pointer;\r\n        transition: all 0.3s ease;\r\n        text-transform: uppercase;\r\n        letter-spacing: 1px;\r\n        box-shadow: 0 4px 12px rgba(0, 0, 0, 0.15);\r\n        text-decoration: none;\r\n        text-align: center;\r\n        line-height: 1;\r\n    }\r\n\r\n    .book-button:hover {\r\n        background: #333;\r\n        transform: translateY(-2px);\r\n        box-shadow: 0 8px 20px rgba(0, 0, 0, 0.20);\r\n    }\r\n\r\n    .section-title-wrapper {\r\n         text-align: center;\r\n         margin-bottom: 40px;\r\n    }\r\n\r\n    .section-title {\r\n        font-size: 36px;\r\n        font-weight: 800;\r\n        color: #2c3e50;\r\n        position: relative;\r\n        padding-bottom: 15px;\r\n        display: inline-block;\r\n    }\r\n\r\n    .section-title::after {\r\n        content: '';\r\n        position: absolute;\r\n        bottom: 0;\r\n        left: 50%;\r\n        transform: translateX(-50%);\r\n        width: 80px;\r\n        height: 4px;\r\n        background: #000000;\r\n        border-radius: 2px;\r\n    }\r\n\r\n    @media (max-width: 768px) {\r\n        .pricing-grid {\r\n            grid-template-columns: 1fr;\r\n            gap: 25px;\r\n        }\r\n        .price { font-size: 52px; }\r\n        .card-title { font-size: 22px; }\r\n        .section-title { font-size: 28px; }\r\n    }\r\n    \r\n    @media (min-width: 992px) {\r\n        \/* Center the two NP cards *\/\r\n        .np-grid-container {\r\n           display: flex;\r\n           justify-content: center;\r\n        }\r\n        .np-grid {\r\n           width: 66.66%; \/* Makes the 2-card grid occupy the same space as 2 of the 3 cards above *\/\r\n           grid-template-columns: repeat(2, 1fr); \/* Set to a 2-column grid *\/\r\n        }\r\n    }\r\n\r\n<\/style>\r\n<div class=\"pricing-container\">\r\n    <div class=\"section-title-wrapper\">\r\n        <h2 class=\"section-title\">Types de consultation<\/h2>\r\n    <\/div>\r\n    <div class=\"pricing-grid\">\r\n        <!-- Full Medical Assessment -->\r\n        <div class=\"pricing-card\">\r\n            <div class=\"card-header\">\r\n                <div class=\"card-title\">\u00c9valuation m\u00e9dicale compl\u00e8te<\/div>\r\n                <div class=\"card-subtitle\">\u00c9valuation compl\u00e8te de la sant\u00e9<\/div>\r\n            <\/div>\r\n            <div class=\"price-wrapper\">\r\n                <div class=\"price\">\r\n                    <span class=\"currency\">$<\/span>\r\n                    <span>350<\/span>\r\n                <\/div>\r\n            <\/div>\r\n            <ul class=\"features-list\">\r\n                <li><svg fill=\"none\" stroke=\"currentColor\" viewbox=\"0 0 24 24\"><path stroke-linecap=\"round\" stroke-linejoin=\"round\" stroke-width=\"2\" d=\"M5 13l4 4L19 7\"><\/path><\/svg><span>\u00c9valuation compl\u00e8te des ant\u00e9c\u00e9dents m\u00e9dicaux et familiaux<\/span><\/li>\r\n                <li><svg fill=\"none\" stroke=\"currentColor\" viewbox=\"0 0 24 24\"><path stroke-linecap=\"round\" stroke-linejoin=\"round\" stroke-width=\"2\" d=\"M5 13l4 4L19 7\"><\/path><\/svg><span>Consultation avec examen physique<\/span><\/li>\r\n                <li><svg fill=\"none\" stroke=\"currentColor\" viewbox=\"0 0 24 24\"><path stroke-linecap=\"round\" stroke-linejoin=\"round\" stroke-width=\"2\" d=\"M5 13l4 4L19 7\"><\/path><\/svg><span>Tests de laboratoire le jour m\u00eame (co\u00fbt suppl\u00e9mentaire)<\/span><\/li>\r\n            <\/ul>\r\n            <a href=\"https:\/\/curamed.ca\/fr\/book-now\/\" class=\"book-button\">R\u00e9server maintenant<\/a>\r\n        <\/div>\r\n\r\n        <!-- In Person Consultation -->\r\n        <div class=\"pricing-card\">\r\n            <div class=\"popular-badge\">POPULAIRE<\/div>\r\n            <div class=\"card-header\">\r\n                <div class=\"card-title\">Consultation en personne<\/div>\r\n                <div class=\"card-subtitle\">For Acute Health Problems<\/div>\r\n            <\/div>\r\n            <div class=\"price-wrapper\">\r\n                <div class=\"price\">\r\n                    <span class=\"currency\">$<\/span>\r\n                    <span>200<\/span>\r\n                <\/div>\r\n            <\/div>\r\n             <ul class=\"features-list\">\r\n                <li><svg fill=\"none\" stroke=\"currentColor\" viewbox=\"0 0 24 24\"><path stroke-linecap=\"round\" stroke-linejoin=\"round\" stroke-width=\"2\" d=\"M5 13l4 4L19 7\"><\/path><\/svg><span>Rendez-vous le jour m\u00eame<\/span><\/li>\r\n                <li><svg fill=\"none\" stroke=\"currentColor\" viewbox=\"0 0 24 24\"><path stroke-linecap=\"round\" stroke-linejoin=\"round\" stroke-width=\"2\" d=\"M5 13l4 4L19 7\"><\/path><\/svg><span>Ax\u00e9 sur un cas ou un probl\u00e8me aigu sp\u00e9cifique<\/span><\/li>\r\n                <li><svg fill=\"none\" stroke=\"currentColor\" viewbox=\"0 0 24 24\"><path stroke-linecap=\"round\" stroke-linejoin=\"round\" stroke-width=\"2\" d=\"M5 13l4 4L19 7\"><\/path><\/svg><span>Tests de laboratoire le jour m\u00eame (co\u00fbt suppl\u00e9mentaire)<\/span><\/li>\r\n            <\/ul>\r\n            <a href=\"https:\/\/curamed.ca\/fr\/book-now\/\" class=\"book-button\">R\u00e9server maintenant<\/a>\r\n        <\/div>\r\n\r\n        <!-- Mental Health Consultation -->\r\n        <div class=\"pricing-card\">\r\n            <div class=\"card-header\">\r\n                <div class=\"card-title\">Consultation en sant\u00e9 mentale<\/div>\r\n                <div class=\"card-subtitle\">Specialized Mental Wellness<\/div>\r\n            <\/div>\r\n            <div class=\"price-wrapper\">\r\n                <div class=\"price\">\r\n                    <span class=\"currency\">$<\/span>\r\n                    <span>375<\/span>\r\n                <\/div>\r\n            <\/div>\r\n            <ul class=\"features-list\">\r\n                <li><svg fill=\"none\" stroke=\"currentColor\" viewbox=\"0 0 24 24\"><path stroke-linecap=\"round\" stroke-linejoin=\"round\" stroke-width=\"2\" d=\"M5 13l4 4L19 7\"><\/path><\/svg><span>Consultation approfondie avec un m\u00e9decin<\/span><\/li>\r\n                <li><svg fill=\"none\" stroke=\"currentColor\" viewbox=\"0 0 24 24\"><path stroke-linecap=\"round\" stroke-linejoin=\"round\" stroke-width=\"2\" d=\"M5 13l4 4L19 7\"><\/path><\/svg><span>R\u00e9f\u00e9rences n\u00e9cessaires fournies au besoin<\/span><\/li>\r\n                <li><svg fill=\"none\" stroke=\"currentColor\" viewbox=\"0 0 24 24\"><path stroke-linecap=\"round\" stroke-linejoin=\"round\" stroke-width=\"2\" d=\"M5 13l4 4L19 7\"><\/path><\/svg><span>Un environnement s\u00fbr et confidentiel<\/span><\/li>\r\n            <\/ul>\r\n            <a href=\"https:\/\/curamed.ca\/fr\/book-now\/\" class=\"book-button\">R\u00e9server maintenant<\/a>\r\n        <\/div>\r\n    <\/div>\t\t\t\t<\/div>\n\t\t\t\t\t<\/div>\n\t\t\t\t<\/div>\n\t\t<div class=\"wd-negative-gap elementor-element elementor-element-d393807 e-flex e-con-boxed e-con e-parent\" data-id=\"d393807\" data-element_type=\"container\">\n\t\t\t\t\t<div class=\"e-con-inner\">\n\t\t\t\t<div class=\"elementor-element elementor-element-512ffff color-scheme-inherit text-left elementor-widget elementor-widget-text-editor\" data-id=\"512ffff\" data-element_type=\"widget\" data-widget_type=\"text-editor.default\">\n\t\t\t\t\t\t\t\t\t<p><div id=\"footable_parent_9939\"\n         class=\"footable_parent ninja_table_wrapper loading_ninja_table wp_table_data_press_parent semantic_ui\">\n                    <h3 class=\"table_title footable_title\">Frais de consultation m\u00e9dicale<\/h3>\n                        <table data-ninja_table_instance=\"ninja_table_instance_0\" data-footable_id=\"9939\" data-filter-delay=\"1000\" aria-label=\"Frais de consultation m\u00e9dicale\"            id=\"footable_9939\"\n           data-unique_identifier=\"ninja_table_unique_id_3701749706_9939\"\n           class=\"foo-table ninja_footable foo_table_9939 ninja_table_unique_id_3701749706_9939 ui table  ninja_search_right nt_type_legacy_table selectable celled striped compact vertical_centered  footable-paging-right ninja_table_search_disabled\">\n                <colgroup>\n                            <col class=\"ninja_column_0\">\n                            <col class=\"ninja_column_1\">\n                    <\/colgroup>\n        <thead>\n<tr class=\"footable-header\">\n                                        <th scope=\"col\"  class=\"ninja_column_0 ninja_clmn_nm_conditions\">Consultations m\u00e9dicales<\/th><th scope=\"col\"  class=\"ninja_column_1 ninja_clmn_nm_conditions3\">Description<\/th><\/tr>\n<\/thead>\n<tbody>\n\n        <tr data-row_id=\"41\" class=\"ninja_table_row_0 nt_row_id_41\">\n            <td>Consultation r\u00e9guli\u00e8re <\/td><td> Un probl\u00e8me de sant\u00e9 actif  (pas un examen m\u00e9dical complet)<\/td>        <\/tr>\n            <tr data-row_id=\"42\" class=\"ninja_table_row_1 nt_row_id_42\">\n            <td>Consultation de suivi <\/td><td>Suivi n\u00e9cessaire apr\u00e8s une visite r\u00e9cente au cours de laquelle des tests ont pu \u00eatre effectu\u00e9s et un rendez-vous est n\u00e9cessaire pour en discuter. <\/td>        <\/tr>\n            <tr data-row_id=\"43\" class=\"ninja_table_row_2 nt_row_id_43\">\n            <td>\u00c9valuation m\u00e9dicale compl\u00e8te<\/td><td>\u00c9valuation compl\u00e8te de l'\u00e9tat de sant\u00e9 g\u00e9n\u00e9ral<\/td>        <\/tr>\n            <tr data-row_id=\"44\" class=\"ninja_table_row_3 nt_row_id_44\">\n            <td>Consultation de t\u00e9l\u00e9m\u00e9decine<\/td><td>Un suivi r\u00e9gulier par t\u00e9l\u00e9phone<\/td>        <\/tr>\n            <tr data-row_id=\"45\" class=\"ninja_table_row_4 nt_row_id_45\">\n            <td>Consultation urgente (dans les 24 heures)<\/td><td>Un probl\u00e8me de sant\u00e9 grave qui n\u00e9cessite un rendez-vous dans les 24 heures et\/ou le soir\/le week-end.<\/td>        <\/tr>\n            <tr data-row_id=\"46\" class=\"ninja_table_row_5 nt_row_id_46\">\n            <td>Consultation t\u00e9l\u00e9m\u00e9dicale urgente (dans les 24 heures)<\/td><td>An acute health issue needing an appointment within 24 hours over the phone<\/td>        <\/tr>\n    <\/tbody><!--ninja_tobody_rendering_done-->\n    <\/table>\n    \n    \n    \n<\/div>\n<\/p><p><div id=\"footable_parent_9947\"\n         class=\"footable_parent ninja_table_wrapper loading_ninja_table wp_table_data_press_parent semantic_ui\">\n                    <h3 class=\"table_title footable_title\">Programmes sp\u00e9cialis\u00e9s<\/h3>\n                        <table data-ninja_table_instance=\"ninja_table_instance_1\" data-footable_id=\"9947\" data-filter-delay=\"1000\" aria-label=\"Programmes sp\u00e9cialis\u00e9s\"            id=\"footable_9947\"\n           data-unique_identifier=\"ninja_table_unique_id_2389483_9947\"\n           class=\"foo-table ninja_footable foo_table_9947 ninja_table_unique_id_2389483_9947 ui table  ninja_search_right nt_type_legacy_table selectable celled striped compact vertical_centered  footable-paging-right ninja_table_search_disabled\">\n                <colgroup>\n                            <col class=\"ninja_column_0\">\n                            <col class=\"ninja_column_1\">\n                            <col class=\"ninja_column_2\">\n                    <\/colgroup>\n        <thead>\n<tr class=\"footable-header\">\n                                                        <th scope=\"col\"  class=\"ninja_column_0 ninja_clmn_nm_conditions\">Programmes sp\u00e9cialis\u00e9s<\/th><th scope=\"col\"  class=\"ninja_column_1 ninja_clmn_nm_conditions3\">Description<\/th><th scope=\"col\"  class=\"ninja_column_2 ninja_clmn_nm_included\">Inclus<\/th><\/tr>\n<\/thead>\n<tbody>\n\n        <tr data-row_id=\"90\" class=\"ninja_table_row_0 nt_row_id_90\">\n            <td>\u00c9valuation et gestion de la pression art\u00e9rielle<\/td><td>Notre centre m\u00e9dical priv\u00e9 propose une \u00e9valuation m\u00e9dicale approfondie des troubles de la pression art\u00e9rielle, qui comprend un examen clinique complet, une surveillance de la pression art\u00e9rielle sur 24 heures lorsque cela est indiqu\u00e9 et la prise en charge des patients souffrant d'hypertension, en particulier lorsque celle-ci n'est pas suffisamment contr\u00f4l\u00e9e. Il est essentiel d'atteindre les objectifs de pression art\u00e9rielle pour r\u00e9duire le risque cardiovasculaire global d'un patient.<\/td><td>Frais d'inscription initiaux, consultation m\u00e9dicale initiale, \u00e9lectrocardiogramme, surveillance ambulatoire de la pression art\u00e9rielle (ABPM), analyses de laboratoire (profil lipidique, apolipoprot\u00e9ine B, BUN, cr\u00e9atinine, \u00e9lectrolytes, TSH et CBC), suivi (en personne ou par t\u00e9l\u00e9m\u00e9decine)<\/td>        <\/tr>\n    <\/tbody><!--ninja_tobody_rendering_done-->\n    <\/table>\n    \n    \n    \n<\/div>\n<\/p><h3>Qu'est-ce qu'un probl\u00e8me de sant\u00e9 aigu ?<\/h3><p><div id=\"footable_parent_9932\"\n         class=\"footable_parent ninja_table_wrapper loading_ninja_table wp_table_data_press_parent semantic_ui colored_table\">\n                <table data-ninja_table_instance=\"ninja_table_instance_2\" data-footable_id=\"9932\" data-filter-delay=\"1000\" aria-label=\"Acute Illnesses\"            id=\"footable_9932\"\n           data-unique_identifier=\"ninja_table_unique_id_1056070551_9932\"\n           class=\"foo-table ninja_footable foo_table_9932 ninja_table_unique_id_1056070551_9932 ui table  nt_type_legacy_table selectable celled striped vertical_centered ninja_custom_color inverted footable-paging-right ninja_table_search_disabled\">\n                <colgroup>\n                            <col class=\"ninja_column_0\">\n                            <col class=\"ninja_column_1\">\n                    <\/colgroup>\n        <thead>\n<tr class=\"footable-header\">\n                                        <th scope=\"col\"  class=\"ninja_column_0 ninja_clmn_nm_indica\">Sympt\u00f4mes aigus<\/th><th scope=\"col\"  class=\"ninja_column_1 ninja_clmn_nm_acutesymptoms_2\"><\/th><\/tr>\n<\/thead>\n<tbody>\n\n        <tr data-row_id=\"1\" class=\"ninja_table_row_0 nt_row_id_1\">\n            <td>Douleur abdominale<\/td><td>Naus\u00e9es\/vomissements <\/td>        <\/tr>\n            <tr data-row_id=\"2\" class=\"ninja_table_row_1 nt_row_id_2\">\n            <td>Douleur thoracique<\/td><td>Conjonctivite <\/td>        <\/tr>\n            <tr data-row_id=\"3\" class=\"ninja_table_row_2 nt_row_id_3\">\n            <td> Toux<\/td><td> \u00c9ruption cutan\u00e9e<\/td>        <\/tr>\n            <tr data-row_id=\"4\" class=\"ninja_table_row_3 nt_row_id_4\">\n            <td> Diarrh\u00e9e<\/td><td>Apparition r\u00e9cente de probl\u00e8mes musculo-squelettiques douloureux<\/td>        <\/tr>\n            <tr data-row_id=\"5\" class=\"ninja_table_row_4 nt_row_id_5\">\n            <td>Mal d'oreille<\/td><td> Probl\u00e8mes respiratoires<\/td>        <\/tr>\n            <tr data-row_id=\"6\" class=\"ninja_table_row_5 nt_row_id_6\">\n            <td>Fi\u00e8vre<\/td><td>Nez qui coule <\/td>        <\/tr>\n            <tr data-row_id=\"7\" class=\"ninja_table_row_6 nt_row_id_7\">\n            <td>Grippe<\/td><td>   Maladie sexuellement transmissible<\/td>        <\/tr>\n            <tr data-row_id=\"8\" class=\"ninja_table_row_7 nt_row_id_8\">\n            <td>Mal de t\u00eate<\/td><td>Mal de gorge<\/td>        <\/tr>\n            <tr data-row_id=\"9\" class=\"ninja_table_row_8 nt_row_id_9\">\n            <td>Br\u00fblures l\u00e9g\u00e8res<\/td><td>Infection urinaire<\/td>        <\/tr>\n            <tr data-row_id=\"10\" class=\"ninja_table_row_9 nt_row_id_10\">\n            <td> Traumatisme mineur<\/td><td>Infection vaginale<\/td>        <\/tr>\n    <\/tbody><!--ninja_tobody_rendering_done-->\n    <\/table>\n    \n    \n    \n<\/div>\n<\/p>\t\t\t\t\t\t\t\t<\/div>\n\t\t\t\t\t<\/div>\n\t\t\t\t<\/div>\n\t\t<div class=\"wd-negative-gap elementor-element elementor-element-895b5f1 e-flex e-con-boxed e-con e-parent\" data-id=\"895b5f1\" data-element_type=\"container\">\n\t\t\t\t\t<div class=\"e-con-inner\">\n\t\t\t\t<div class=\"elementor-element elementor-element-35ba8b8 elementor-widget elementor-widget-wd_button\" data-id=\"35ba8b8\" data-element_type=\"widget\" data-widget_type=\"wd_button.default\">\n\t\t\t\t<div class=\"elementor-widget-container\">\n\t\t\t\t\t\t\t<div class=\"wd-button-wrapper text-center\" >\n\t\t\t<a class=\"btn btn-style-default btn-shape-rectangle btn-size-default btn-color-black btn-full-width btn-icon-pos-right\"  href=\"https:\/\/curamed.ca\/fr\/book-now-2\/\">\n\t\t\t\t<span class=\"wd-btn-text\" data-elementor-setting-key=\"text\">\n\t\t\t\t\tPrendre rendez-vous\t\t\t\t<\/span>\n\n\t\t\t\t\t\t\t<\/a>\n\t\t<\/div>\n\t\t\t\t\t\t<\/div>\n\t\t\t\t<\/div>\n\t\t\t\t\t<\/div>\n\t\t\t\t<\/div>\n\t\t<div class=\"wd-negative-gap elementor-element elementor-element-d7c1edf e-flex e-con-boxed e-con e-parent\" data-id=\"d7c1edf\" data-element_type=\"container\">\n\t\t\t\t\t<div class=\"e-con-inner\">\n\t\t\t\t\t<\/div>\n\t\t\t\t<\/div>\n\t\t\t\t<\/div>","protected":false},"excerpt":{"rendered":"<p>Receipt for private insurance for every appointment type. Consultation Types Full Medical Assessment Comprehensive Health Evaluation $ 350 Complete medical<\/p>","protected":false},"author":1,"featured_media":0,"parent":0,"menu_order":0,"comment_status":"closed","ping_status":"closed","template":"","meta":{"footnotes":""},"class_list":["post-9993","page","type-page","status-publish","hentry"],"_links":{"self":[{"href":"https:\/\/curamed.ca\/fr\/wp-json\/wp\/v2\/pages\/9993","targetHints":{"allow":["GET"]}}],"collection":[{"href":"https:\/\/curamed.ca\/fr\/wp-json\/wp\/v2\/pages"}],"about":[{"href":"https:\/\/curamed.ca\/fr\/wp-json\/wp\/v2\/types\/page"}],"author":[{"embeddable":true,"href":"https:\/\/curamed.ca\/fr\/wp-json\/wp\/v2\/users\/1"}],"replies":[{"embeddable":true,"href":"https:\/\/curamed.ca\/fr\/wp-json\/wp\/v2\/comments?post=9993"}],"version-history":[{"count":62,"href":"https:\/\/curamed.ca\/fr\/wp-json\/wp\/v2\/pages\/9993\/revisions"}],"predecessor-version":[{"id":10670,"href":"https:\/\/curamed.ca\/fr\/wp-json\/wp\/v2\/pages\/9993\/revisions\/10670"}],"wp:attachment":[{"href":"https:\/\/curamed.ca\/fr\/wp-json\/wp\/v2\/media?parent=9993"}],"curies":[{"name":"wp","href":"https:\/\/api.w.org\/{rel}","templated":true}]}}