{"id":9952,"date":"2025-10-17T10:38:03","date_gmt":"2025-10-17T10:38:03","guid":{"rendered":"https:\/\/curamed.ca\/?page_id=9952"},"modified":"2026-01-12T00:54:31","modified_gmt":"2026-01-12T00:54:31","slug":"services","status":"publish","type":"page","link":"https:\/\/curamed.ca\/fr\/services\/","title":{"rendered":"Services"},"content":{"rendered":"<div data-elementor-type=\"wp-page\" data-elementor-id=\"9952\" class=\"elementor elementor-9952\" data-elementor-post-type=\"page\">\n\t\t\t\t<div class=\"wd-negative-gap elementor-element elementor-element-46b1e03 e-flex e-con-boxed e-con e-parent\" data-id=\"46b1e03\" data-element_type=\"container\">\n\t\t\t\t\t<div class=\"e-con-inner\">\n\t\t\t\t<div class=\"elementor-element elementor-element-7d65937 elementor-widget elementor-widget-html\" data-id=\"7d65937\" data-element_type=\"widget\" data-widget_type=\"html.default\">\n\t\t\t\t\t<style>\n    * {\n        margin: 0;\n        padding: 0;\n        box-sizing: border-box;\n    }\n\n    .carousel-container {\n        width: 100%;\n        max-width: 1400px;\n        margin: 0 auto;\n        padding: 20px;\n        font-family: -apple-system, BlinkMacSystemFont, 'Segoe UI', Roboto, 'Helvetica Neue', Arial, sans-serif;\n    }\n\n    .carousel-header {\n        text-align: center;\n        margin-bottom: 48px;\n    }\n\n    .carousel-header h1 {\n        font-size: 2.5rem;\n        font-weight: 700;\n        color: #1e293b;\n        margin-bottom: 16px;\n    }\n\n    .carousel-header p {\n        font-size: 1.125rem;\n        color: #475569;\n    }\n\n    .carousel-wrapper {\n        position: relative;\n        background: white;\n        box-shadow: 0 25px 50px -12px rgba(0, 0, 0, 0.25);\n        overflow: hidden;\n    }\n\n    .carousel-main {\n        position: relative;\n        height: 500px;\n        background: #f8f9fa;\n    }\n\n    .carousel-slide {\n        position: absolute;\n        top: 0;\n        left: 0;\n        width: 100%;\n        height: 100%;\n        opacity: 0;\n        visibility: hidden;\n        transition: opacity 0.7s ease-in-out, visibility 0.7s ease-in-out;\n    }\n\n    .carousel-slide.active {\n        opacity: 1;\n        visibility: visible;\n    }\n\n    .carousel-slide a {\n        display: block;\n        height: 100%;\n        text-decoration: none;\n    }\n\n    .slide-content {\n        display: flex;\n        flex-direction: column;\n        height: 100%;\n    }\n\n    .slide-text {\n        flex: 1;\n        display: flex;\n        align-items: center;\n        justify-content: center;\n        padding: 48px;\n        background: #000000;\n    }\n\n    .slide-text-inner {\n        max-width: 600px;\n        width: 100%;\n    }\n\n    .slide-badge {\n        display: inline-block;\n        padding: 8px 16px;\n        background: #000000;\n        color: #888888;\n        font-size: 0.875rem;\n        font-weight: 400;\n        margin-bottom: 16px;\n    }\n\n    .slide-title {\n        font-size: 2rem;\n        font-weight: 700;\n        color: #ffffff;\n        margin-bottom: 16px;\n        transition: color 0.3s;\n    }\n\n    .carousel-slide a:hover .slide-title {\n        color: #cccccc;\n    }\n\n    .slide-description {\n        font-size: 1rem;\n        color: #888888;\n        margin-bottom: 24px;\n        line-height: 1.6;\n    }\n\n    .slide-cta {\n        display: inline-flex;\n        align-items: center;\n        color: #ffffff;\n        font-weight: 600;\n    }\n\n    .slide-cta svg {\n        margin-left: 8px;\n        transition: transform 0.3s;\n    }\n\n    .carousel-slide a:hover .slide-cta svg {\n        transform: translateX(4px);\n    }\n\n    .slide-image {\n        flex: 1;\n        position: relative;\n        overflow: hidden;\n        background: #e5e7eb;\n    }\n\n    .slide-image::before {\n        content: '';\n        position: absolute;\n        top: 0;\n        left: 0;\n        right: 0;\n        bottom: 0;\n        background: linear-gradient(to top, rgba(15, 23, 42, 0.2), transparent);\n        z-index: 1;\n    }\n\n    .slide-image img {\n        width: 100%;\n        height: 100%;\n        object-fit: cover;\n        transition: transform 0.7s;\n        display: block;\n    }\n\n    .carousel-slide a:hover .slide-image img {\n        transform: scale(1.05);\n    }\n\n    .carousel-nav {\n        position: absolute;\n        top: 50%;\n        transform: translateY(-50%);\n        background: rgba(255, 255, 255, 0.9);\n        color: #1e293b;\n        border: none;\n        padding: 12px;\n        cursor: pointer;\n        box-shadow: 0 10px 15px -3px rgba(0, 0, 0, 0.1);\n        z-index: 20;\n        transition: all 0.3s;\n        width: 48px;\n        height: 48px;\n        display: flex;\n        align-items: center;\n        justify-content: center;\n    }\n\n    .carousel-nav:hover {\n        background: white;\n        transform: translateY(-50%) scale(1.1);\n    }\n\n    .carousel-nav-prev {\n        left: 16px;\n    }\n\n    .carousel-nav-next {\n        right: 16px;\n    }\n\n    .carousel-nav svg {\n        display: block;\n        width: 24px;\n        height: 24px;\n    }\n\n    .carousel-indicators {\n        position: absolute;\n        bottom: 24px;\n        left: 50%;\n        transform: translateX(-50%);\n        display: flex;\n        gap: 8px;\n        z-index: 20;\n    }\n\n    .carousel-indicator {\n        height: 12px;\n        border: none;\n        cursor: pointer;\n        transition: all 0.3s;\n        background: rgba(255, 255, 255, 0.6);\n        width: 12px;\n        padding: 0;\n    }\n\n    .carousel-indicator:hover {\n        background: rgba(255, 255, 255, 0.8);\n    }\n\n    .carousel-indicator.active {\n        width: 48px;\n        background: #000000;\n    }\n\n    .carousel-thumbnails {\n        display: grid;\n        grid-template-columns: repeat(2, 1fr);\n        gap: 16px;\n        margin-top: 32px;\n    }\n\n    .carousel-thumbnail {\n        position: relative;\n        overflow: hidden;\n        cursor: pointer;\n        transition: all 0.3s;\n        border: 2px solid transparent;\n        background: #e5e7eb;\n    }\n\n    .carousel-thumbnail:hover {\n        transform: scale(1.05);\n    }\n\n    .carousel-thumbnail.active {\n        border-color: #000000;\n        box-shadow: 0 0 0 2px #000000;\n    }\n\n    .carousel-thumbnail img {\n        width: 100%;\n        height: 96px;\n        object-fit: cover;\n        display: block;\n    }\n\n    .carousel-thumbnail-overlay {\n        position: absolute;\n        top: 0;\n        left: 0;\n        right: 0;\n        bottom: 0;\n        background: linear-gradient(to top, rgba(15, 23, 42, 0.6), transparent);\n        display: flex;\n        align-items: flex-end;\n        padding: 8px;\n    }\n\n    .carousel-thumbnail-title {\n        color: white;\n        font-size: 0.75rem;\n        font-weight: 600;\n        overflow: hidden;\n        display: -webkit-box;\n        -webkit-line-clamp: 2;\n        -webkit-box-orient: vertical;\n    }\n\n    @media (min-width: 768px) {\n        .carousel-header h1 {\n            font-size: 3rem;\n        }\n\n        .carousel-main {\n            height: 600px;\n        }\n\n        .slide-content {\n            flex-direction: row;\n        }\n\n        .slide-title {\n            font-size: 2.25rem;\n        }\n\n        .carousel-thumbnails {\n            grid-template-columns: repeat(5, 1fr);\n        }\n    }\n<\/style>\n\n<div class=\"carousel-container\">\n    <div class=\"carousel-header\">\n        <h1>CuraMed Private Clinic Services<\/h1>\n        <p>Explore our comprehensive healthcare solutions<\/p>\n    <\/div>\n\n    <div class=\"carousel-wrapper\">\n        <div class=\"carousel-main\" id=\"carouselMain\">\n        <\/div>\n\n        <button class=\"carousel-nav carousel-nav-prev\" id=\"prevBtn\" aria-label=\"Previous slide\">\n            <svg xmlns=\"http:\/\/www.w3.org\/2000\/svg\" fill=\"none\" viewbox=\"0 0 24 24\" stroke=\"currentColor\">\n                <path stroke-linecap=\"round\" stroke-linejoin=\"round\" stroke-width=\"2\" d=\"M15 19l-7-7 7-7\" \/>\n            <\/svg>\n        <\/button>\n\n        <button class=\"carousel-nav carousel-nav-next\" id=\"nextBtn\" aria-label=\"Next slide\">\n            <svg xmlns=\"http:\/\/www.w3.org\/2000\/svg\" fill=\"none\" viewbox=\"0 0 24 24\" stroke=\"currentColor\">\n                <path stroke-linecap=\"round\" stroke-linejoin=\"round\" stroke-width=\"2\" d=\"M9 5l7 7-7 7\" \/>\n            <\/svg>\n        <\/button>\n\n        <div class=\"carousel-indicators\" id=\"indicators\">\n        <\/div>\n    <\/div>\n\n    <div class=\"carousel-thumbnails\" id=\"thumbnails\">\n    <\/div>\n<\/div>\n\n<script>\n(function() {\n    const carouselItems = [\n        {\n            image: 'https:\/\/curamed.ca\/wp-content\/uploads\/2025\/10\/medical3-300x225.png',\n            link: 'https:\/\/curamed.ca\/medical-consultations\/',\n            title: 'Medical Consultations',\n            description: 'Comprehensive primary care and specialized consultations'\n        },\n        {\n            image: 'https:\/\/curamed.ca\/wp-content\/uploads\/2025\/10\/lab-1-300x225.png',\n            link: 'https:\/\/curamed.ca\/private-laboratory\/',\n            title: 'Private Laboratory',\n            description: 'Fast, accurate diagnostic testing with quick results'\n        },\n        {\n            image: 'https:\/\/curamed.ca\/wp-content\/uploads\/2025\/10\/cardiology-1-300x225.png',\n            link: 'https:\/\/curamed.ca\/cardiology-testing\/',\n            title: 'Cardiology Testing',\n            description: 'Advanced cardiovascular screening and monitoring'\n        },\n        {\n            image: 'https:\/\/curamed.ca\/wp-content\/uploads\/2025\/10\/affiliate-300x225.png',\n            link: 'https:\/\/curamed.ca\/affiliates\/',\n            title: 'Affiliates',\n            description: 'Connect with our network of trusted specialists'\n        },\n        {\n            image: 'https:\/\/curamed.ca\/wp-content\/uploads\/2025\/10\/annualmem-300x225.png',\n            link: 'https:\/\/curamed.ca\/annual-health-memberships\/',\n            title: 'Annual Health Memberships',\n            description: 'Invest in your health with comprehensive care plans'\n        }\n    ];\n\n    let currentIndex = 0;\n    let isAutoPlaying = true;\n    let autoPlayInterval;\n\n    function initCarousel() {\n        const carouselMain = document.getElementById('carouselMain');\n        const indicators = document.getElementById('indicators');\n        const thumbnails = document.getElementById('thumbnails');\n\n        if (!carouselMain || !indicators || !thumbnails) {\n            console.error('Carousel elements not found');\n            return;\n        }\n\n        carouselItems.forEach(function(item, index) {\n            const slide = document.createElement('div');\n            slide.className = 'carousel-slide' + (index === 0 ? ' active' : '');\n            slide.innerHTML = '<a href=\"' + item.link + '\" target=\"_blank\" rel=\"noopener noreferrer\">' +\n                '<div class=\"slide-content\">' +\n                    '<div class=\"slide-text\">' +\n                        '<div class=\"slide-text-inner\">' +\n                            '<span class=\"slide-badge\">CuraMed Private Clinic<\/span>' +\n                            '<h2 class=\"slide-title\">' + item.title + '<\/h2>' +\n                            '<p class=\"slide-description\">' + item.description + '<\/p>' +\n                            '<span class=\"slide-cta\">' +\n                                'Learn More' +\n                                '<svg xmlns=\"http:\/\/www.w3.org\/2000\/svg\" width=\"20\" height=\"20\" viewBox=\"0 0 24 24\" fill=\"none\" stroke=\"currentColor\" stroke-width=\"2\" stroke-linecap=\"round\" stroke-linejoin=\"round\">' +\n                                    '<polyline points=\"9 18 15 12 9 6\"><\/polyline>' +\n                                '<\/svg>' +\n                            '<\/span>' +\n                        '<\/div>' +\n                    '<\/div>' +\n                    '<div class=\"slide-image\">' +\n                        '<img decoding=\"async\" src=\"' + item.image + '\" alt=\"' + item.title + '\" loading=\"lazy\">' +\n                    '<\/div>' +\n                '<\/div>' +\n            '<\/a>';\n            carouselMain.appendChild(slide);\n\n            const indicator = document.createElement('button');\n            indicator.className = 'carousel-indicator' + (index === 0 ? ' active' : '');\n            indicator.setAttribute('aria-label', 'Go to slide ' + (index + 1));\n            indicator.onclick = function() { goToSlide(index); };\n            indicators.appendChild(indicator);\n\n            const thumbnail = document.createElement('div');\n            thumbnail.className = 'carousel-thumbnail' + (index === 0 ? ' active' : '');\n            thumbnail.onclick = function() { goToSlide(index); };\n            thumbnail.innerHTML = '<img decoding=\"async\" src=\"' + item.image + '\" alt=\"' + item.title + '\" loading=\"lazy\">' +\n                '<div class=\"carousel-thumbnail-overlay\">' +\n                    '<span class=\"carousel-thumbnail-title\">' + item.title + '<\/span>' +\n                '<\/div>';\n            thumbnails.appendChild(thumbnail);\n        });\n\n        document.getElementById('prevBtn').onclick = goToPrevious;\n        document.getElementById('nextBtn').onclick = goToNext;\n\n        startAutoPlay();\n    }\n\n    function goToSlide(index) {\n        const slides = document.querySelectorAll('.carousel-slide');\n        const indicators = document.querySelectorAll('.carousel-indicator');\n        const thumbnails = document.querySelectorAll('.carousel-thumbnail');\n\n        if (slides[currentIndex]) slides[currentIndex].classList.remove('active');\n        if (indicators[currentIndex]) indicators[currentIndex].classList.remove('active');\n        if (thumbnails[currentIndex]) thumbnails[currentIndex].classList.remove('active');\n\n        currentIndex = index;\n\n        if (slides[currentIndex]) slides[currentIndex].classList.add('active');\n        if (indicators[currentIndex]) indicators[currentIndex].classList.add('active');\n        if (thumbnails[currentIndex]) thumbnails[currentIndex].classList.add('active');\n\n        stopAutoPlay();\n    }\n\n    function goToNext() {\n        const nextIndex = (currentIndex + 1) % carouselItems.length;\n        goToSlide(nextIndex);\n    }\n\n    function goToPrevious() {\n        const prevIndex = (currentIndex - 1 + carouselItems.length) % carouselItems.length;\n        goToSlide(prevIndex);\n    }\n\n    function startAutoPlay() {\n        if (!isAutoPlaying) return;\n        autoPlayInterval = setInterval(function() {\n            goToNext();\n            isAutoPlaying = true;\n        }, 4000);\n    }\n\n    function stopAutoPlay() {\n        isAutoPlaying = false;\n        clearInterval(autoPlayInterval);\n    }\n\n    if (document.readyState === 'loading') {\n        document.addEventListener('DOMContentLoaded', initCarousel);\n    } else {\n        initCarousel();\n    }\n})();\n<\/script>\n\t\t\t\t<\/div>\n\t\t\t\t\t<\/div>\n\t\t\t\t<\/div>\n\t\t<div class=\"wd-negative-gap elementor-element elementor-element-660b70f e-flex e-con-boxed e-con e-parent\" data-id=\"660b70f\" data-element_type=\"container\">\n\t\t\t\t\t<div class=\"e-con-inner\">\n\t\t\t\t<div class=\"elementor-element elementor-element-7622987 elementor-widget-divider--view-line elementor-widget elementor-widget-divider\" data-id=\"7622987\" data-element_type=\"widget\" data-widget_type=\"divider.default\">\n\t\t\t\t\t\t\t<div class=\"elementor-divider\">\n\t\t\t<span class=\"elementor-divider-separator\">\n\t\t\t\t\t\t<\/span>\n\t\t<\/div>\n\t\t\t\t\t\t<\/div>\n\t\t\t\t\t<\/div>\n\t\t\t\t<\/div>\n\t\t<div class=\"wd-negative-gap elementor-element elementor-element-570bef5 e-flex e-con-boxed e-con e-parent\" data-id=\"570bef5\" data-element_type=\"container\">\n\t\t\t\t\t<div class=\"e-con-inner\">\n\t\t\t\t<div class=\"elementor-element elementor-element-c3170a0 elementor-widget elementor-widget-html\" data-id=\"c3170a0\" data-element_type=\"widget\" data-widget_type=\"html.default\">\n\t\t\t\t\t<style>\n        .curamed-services-container {\n            max-width: 100%;\n            margin: 0 auto;\n            padding: 40px 40px;\n            font-family: -apple-system, BlinkMacSystemFont, 'Segoe UI', Roboto, 'Helvetica Neue', Arial, sans-serif;\n            line-height: 1.6;\n            color: #333;\n        }\n\n        .curamed-services-header {\n            text-align: center;\n            margin-bottom: 50px;\n        }\n\n        .curamed-services-header h1 {\n            font-size: 2.5rem;\n            color: #1a1a1a;\n            margin-bottom: 10px;\n            font-weight: 600;\n        }\n\n        .curamed-services-header p {\n            font-size: 1.125rem;\n            color: #666;\n            max-width: 700px;\n            margin: 0 auto;\n        }\n\n        .curamed-services-grid {\n            display: grid;\n            grid-template-columns: repeat(4, 1fr);\n            gap: 30px;\n            margin-top: 40px;\n        }\n\n        .curamed-service-card {\n            background: #ffffff;\n            border: 1px solid #e8e4dc;\n            border-radius: 0;\n            padding: 30px;\n            transition: all 0.3s ease;\n            box-shadow: 0 2px 8px rgba(0, 0, 0, 0.05);\n            text-decoration: none;\n            display: block;\n            color: inherit;\n        }\n\n        .curamed-service-card:hover {\n            box-shadow: 0 8px 20px rgba(61, 44, 61, 0.15);\n            transform: translateY(-2px);\n            border-color: #3d2c3d;\n            cursor: pointer;\n        }\n\n        .curamed-service-card h2 {\n            font-size: 1.5rem;\n            color: #1a1a1a;\n            margin-bottom: 15px;\n            font-weight: 600;\n            display: flex;\n            align-items: center;\n        }\n\n        .curamed-service-icon {\n            display: inline-block;\n            width: 40px;\n            height: 40px;\n            background: #e8e4dc;\n            border-radius: 50%;\n            margin-right: 12px;\n            position: relative;\n            flex-shrink: 0;\n        }\n\n        .curamed-service-icon::before {\n            content: '+';\n            position: absolute;\n            top: 50%;\n            left: 50%;\n            transform: translate(-50%, -50%);\n            font-size: 24px;\n            color: #3d2c3d;\n            font-weight: bold;\n        }\n\n        .curamed-service-card p {\n            font-size: 1rem;\n            color: #555;\n            margin: 0;\n        }\n\n        .curamed-service-badge {\n            display: inline-block;\n            background: #3d2c3d;\n            color: white;\n            font-size: 0.75rem;\n            padding: 4px 10px;\n            border-radius: 12px;\n            margin-top: 10px;\n            font-weight: 500;\n        }\n\n        @media (max-width: 1024px) {\n            .curamed-services-grid {\n                grid-template-columns: repeat(2, 1fr);\n                gap: 20px;\n            }\n        }\n\n        @media (max-width: 768px) {\n            .curamed-services-grid {\n                grid-template-columns: 1fr;\n                gap: 20px;\n            }\n\n            .curamed-services-header h1 {\n                font-size: 2rem;\n            }\n\n            .curamed-services-container {\n                padding: 30px 15px;\n            }\n\n            .curamed-service-card {\n                padding: 25px;\n            }\n\n            .curamed-service-card h2 {\n                font-size: 1.25rem;\n            }\n        }\n\n        @media (max-width: 480px) {\n            .curamed-services-header h1 {\n                font-size: 1.75rem;\n            }\n\n            .curamed-service-card h2 {\n                font-size: 1.125rem;\n                flex-direction: column;\n                align-items: flex-start;\n            }\n\n            .curamed-service-icon {\n                margin-bottom: 10px;\n            }\n        }\n<\/style>\n\n<div class=\"curamed-services-container\">\n        <div class=\"curamed-services-header\">\n            <h1>Nos services m\u00e9dicaux<\/h1>\n            <p>Solutions de soins de sant\u00e9 compl\u00e8tes adapt\u00e9es \u00e0 vos besoins dans notre clinique priv\u00e9e \u00e0 Montr\u00e9al<\/p>\n        <\/div>\n\n        <div class=\"curamed-services-grid\">\n            <a href=\"https:\/\/curamed.ca\/fr\/consultations\/\" class=\"curamed-service-card\">\n                <h2>\n                    <span class=\"curamed-service-icon\"><\/span>\n                    Consultation r\u00e9guli\u00e8re\n                <\/h2>\n                <p>Prenez rendez-vous avec nos m\u00e9decins exp\u00e9riment\u00e9s pour discuter de vos pr\u00e9occupations en mati\u00e8re de sant\u00e9, passer en revue vos sympt\u00f4mes et \u00e9laborer un plan de traitement personnalis\u00e9. Nos consultations r\u00e9guli\u00e8res vous permettent de b\u00e9n\u00e9ficier de suffisamment de temps pour un examen approfondi et une discussion d\u00e9taill\u00e9e de vos ant\u00e9c\u00e9dents m\u00e9dicaux.<\/p>\n            <\/a>\n\n            <a href=\"https:\/\/curamed.ca\/fr\/consultations\/\" class=\"curamed-service-card\">\n                <h2>\n                    <span class=\"curamed-service-icon\"><\/span>\n                    Consultation de suivi\n                <\/h2>\n                <p>Poursuivez votre parcours de soins gr\u00e2ce \u00e0 des rendez-vous de suivi d\u00e9di\u00e9s afin de surveiller les progr\u00e8s du traitement, d'ajuster les m\u00e9dicaments si n\u00e9cessaire et de garantir des r\u00e9sultats optimaux en mati\u00e8re de sant\u00e9. Ces s\u00e9ances nous permettent de suivre votre r\u00e9tablissement et de r\u00e9pondre \u00e0 toute nouvelle pr\u00e9occupation qui pourrait survenir.<\/p>\n            <\/a>\n\n            <a href=\"https:\/\/curamed.ca\/fr\/consultations\/\" class=\"curamed-service-card\">\n                <h2>\n                    <span class=\"curamed-service-icon\"><\/span>\n                    \u00c9valuation m\u00e9dicale compl\u00e8te\n                <\/h2>\n                <p>B\u00e9n\u00e9ficiez d'une \u00e9valuation compl\u00e8te de votre \u00e9tat de sant\u00e9 g\u00e9n\u00e9ral gr\u00e2ce \u00e0 notre service d'\u00e9valuation m\u00e9dicale approfondie. Cet examen complet comprend un bilan de sant\u00e9 d\u00e9taill\u00e9, des recommandations en mati\u00e8re de soins pr\u00e9ventifs et une analyse holistique de votre bien-\u00eatre physique et m\u00e9dical.<\/p>\n            <\/a>\n\n            <a href=\"https:\/\/curamed.ca\/fr\/consultations\/\" class=\"curamed-service-card\">\n                <h2>\n                    <span class=\"curamed-service-icon\"><\/span>\n                    Consultation de t\u00e9l\u00e9m\u00e9decine\n                <\/h2>\n                <p>Acc\u00e9dez \u00e0 des soins de sant\u00e9 de qualit\u00e9 depuis le confort de votre domicile gr\u00e2ce \u00e0 notre plateforme de consultation virtuelle s\u00e9curis\u00e9e. Notre service de t\u00e9l\u00e9m\u00e9decine vous met en relation avec nos m\u00e9decins \u00e0 distance, ce qui facilite les suivis de routine, les renouvellements d'ordonnances et les conseils m\u00e9dicaux non urgents.<\/p>\n            <\/a>\n\n            <a href=\"https:\/\/curamed.ca\/fr\/consultations\/\" class=\"curamed-service-card\">\n                <h2>\n                    <span class=\"curamed-service-icon\"><\/span>\n                    Consultation aigu\u00eb\n                <\/h2>\n                <p>Lorsque des soins m\u00e9dicaux urgents sont n\u00e9cessaires, notre service de consultation d'urgence vous permet d'acc\u00e9der rapidement \u00e0 des soins dans les 24 heures, y compris le soir et le week-end. Id\u00e9al en cas de maladie soudaine, de blessure ou de probl\u00e8me de sant\u00e9 urgent qui ne peut attendre un rendez-vous r\u00e9gulier.<\/p>\n                <span class=\"curamed-service-badge\">Dans les 24 heures<\/span>\n            <\/a>\n\n            <a href=\"https:\/\/curamed.ca\/fr\/consultations\/\" class=\"curamed-service-card\">\n                <h2>\n                    <span class=\"curamed-service-icon\"><\/span>\n                    Consultation de t\u00e9l\u00e9m\u00e9decine aigu\u00eb\n                <\/h2>\n                <p>Obtenez imm\u00e9diatement une assistance m\u00e9dicale virtuelle pour les probl\u00e8mes de sant\u00e9 urgents gr\u00e2ce \u00e0 notre service de t\u00e9l\u00e9m\u00e9decine acc\u00e9l\u00e9r\u00e9. Disponible dans les 24 heures pour obtenir rapidement des conseils professionnels depuis chez vous.<\/p>\n                <span class=\"curamed-service-badge\">Dans les 24 heures<\/span>\n            <\/a>\n\n            <a href=\"https:\/\/curamed.ca\/fr\/consultations\/\" class=\"curamed-service-card\">\n                <h2>\n                    <span class=\"curamed-service-icon\"><\/span>\n                    \u00c9valuation de la pression art\u00e9rielle\n                <\/h2>\n                <p>\u00c9valuation cardiovasculaire compl\u00e8te comprenant une consultation m\u00e9dicale, un ECG, une surveillance de la pression art\u00e9rielle sur 24 heures (ABPM) et des analyses de laboratoire approfondies afin d'\u00e9tablir un bilan complet de votre sant\u00e9 cardiovasculaire.<\/p>\n                <span class=\"curamed-service-badge\">Forfait complet<\/span>\n            <\/a>\n\n            <a href=\"https:\/\/curamed.ca\/fr\/consultations\/\" class=\"curamed-service-card\">\n                <h2>\n                    <span class=\"curamed-service-icon\"><\/span>\n                    Gestion de la pression art\u00e9rielle\n                <\/h2>\n                <p>Prise en charge continue de l'hypertension avec suivi d\u00e9di\u00e9 en personne et par t\u00e9l\u00e9m\u00e9decine. Nos m\u00e9decins surveillent votre tension art\u00e9rielle, ajustent vos plans de traitement et veillent \u00e0 votre sant\u00e9 cardiovasculaire optimale.<\/p>\n                <span class=\"curamed-service-badge\">Soins continus<\/span>\n            <\/a>\n        <\/div>\n<\/div>\n\t\t\t\t<\/div>\n\t\t\t\t\t<\/div>\n\t\t\t\t<\/div>\n\t\t\t\t<\/div>","protected":false},"excerpt":{"rendered":"<p>CuraMed Private Clinic Services Explore our comprehensive healthcare solutions Our Medical Services Comprehensive healthcare solutions tailored to your needs at<\/p>","protected":false},"author":1,"featured_media":0,"parent":0,"menu_order":0,"comment_status":"closed","ping_status":"closed","template":"","meta":{"footnotes":""},"class_list":["post-9952","page","type-page","status-publish","hentry"],"_links":{"self":[{"href":"https:\/\/curamed.ca\/fr\/wp-json\/wp\/v2\/pages\/9952","targetHints":{"allow":["GET"]}}],"collection":[{"href":"https:\/\/curamed.ca\/fr\/wp-json\/wp\/v2\/pages"}],"about":[{"href":"https:\/\/curamed.ca\/fr\/wp-json\/wp\/v2\/types\/page"}],"author":[{"embeddable":true,"href":"https:\/\/curamed.ca\/fr\/wp-json\/wp\/v2\/users\/1"}],"replies":[{"embeddable":true,"href":"https:\/\/curamed.ca\/fr\/wp-json\/wp\/v2\/comments?post=9952"}],"version-history":[{"count":15,"href":"https:\/\/curamed.ca\/fr\/wp-json\/wp\/v2\/pages\/9952\/revisions"}],"predecessor-version":[{"id":10577,"href":"https:\/\/curamed.ca\/fr\/wp-json\/wp\/v2\/pages\/9952\/revisions\/10577"}],"wp:attachment":[{"href":"https:\/\/curamed.ca\/fr\/wp-json\/wp\/v2\/media?parent=9952"}],"curies":[{"name":"wp","href":"https:\/\/api.w.org\/{rel}","templated":true}]}}