{"id":9851,"date":"2025-10-13T13:35:05","date_gmt":"2025-10-13T13:35:05","guid":{"rendered":"https:\/\/curamed.ca\/?page_id=9851"},"modified":"2026-01-28T02:35:08","modified_gmt":"2026-01-28T02:35:08","slug":"a-propos","status":"publish","type":"page","link":"https:\/\/curamed.ca\/fr\/a-propos\/","title":{"rendered":"\u00c0 propos de nous"},"content":{"rendered":"<div data-elementor-type=\"wp-page\" data-elementor-id=\"9851\" class=\"elementor elementor-9851\" data-elementor-post-type=\"page\">\n\t\t\t\t<div class=\"elementor-element elementor-element-7aa1ea0 e-con-full e-flex e-con e-parent\" data-id=\"7aa1ea0\" data-element_type=\"container\">\n\t\t\t\t<div class=\"elementor-element elementor-element-26fb8e2 elementor-widget elementor-widget-wd_text_block\" data-id=\"26fb8e2\" data-element_type=\"widget\" data-widget_type=\"wd_text_block.default\">\n\t\t\t\t<div class=\"elementor-widget-container\">\n\t\t\t\t\t\t\t<div class=\"wd-text-block reset-last-child text-left\">\n\t\t\t\n\t\t\t<h1>Clinique priv\u00e9e CuraMed de Montr\u00e9al<\/h1><p>CuraMed a le plaisir d'annoncer l'ouverture de ses installations m\u00e9dicales priv\u00e9es au c\u0153ur de Westmount, au 4150, rue Sainte-Catherine Ouest, bureau 330, \u00e0 l'angle de l'avenue Greene.<\/p><p>Le groupe propose des soins m\u00e9dicaux priv\u00e9s pour les soins de sant\u00e9 primaires aigus et r\u00e9guliers.  Plusieurs formules d'adh\u00e9sion sont disponibles afin de r\u00e9pondre au mieux aux besoins de nos clients.\u00a0<\/p><p>Le Dr Brian Gore, notre m\u00e9decin s\u00e9nior, dirigera le lancement de nos services m\u00e9dicaux, tant en personne qu\u2019en t\u00e9l\u00e9consultation.\u00a0\u00a0<\/p><p>Le Dr Gore a \u00e9t\u00e9 le fondateur et directeur m\u00e9dical du St. Catherine Medical Group jusqu\u2019en 2022. Il a \u00e9galement occup\u00e9 les fonctions de directeur des services professionnels et de directeur de la recherche pendant plus de 10 ans au Centre g\u00e9riatrique Donald Berman Maimonides.\u00a0\u00a0<\/p>\n\t\t\t\t\t<\/div>\n\t\t\t\t\t\t<\/div>\n\t\t\t\t<\/div>\n\t\t\t\t<div class=\"elementor-element elementor-element-3d7f774 elementor-widget elementor-widget-wd_text_block\" data-id=\"3d7f774\" data-element_type=\"widget\" data-widget_type=\"wd_text_block.default\">\n\t\t\t\t<div class=\"elementor-widget-container\">\n\t\t\t\t\t\t\t<div class=\"wd-text-block reset-last-child text-left\">\n\t\t\t\n\t\t\t<p>Il a occup\u00e9 des postes de direction dans les domaines des soins g\u00e9riatriques, de la recherche, de l'administration, de l'enseignement et du mentorat tout au long de sa carri\u00e8re. Il dirigera notre \u00e9quipe et veillera \u00e0 ce que les services fournis respectent et d\u00e9passent les normes de soins actuelles.<\/p><p>Pour compl\u00e9ter nos services m\u00e9dicaux, nous proposons des installations de laboratoire priv\u00e9es sur place par l'interm\u00e9diaire de Cura Sant\u00e9, ainsi que des \u00e9valuations de surveillance cardiovasculaire comprenant une surveillance Holter, une surveillance ambulatoire de la pression art\u00e9rielle sur 24 heures et des \u00e9lectrocardiogrammes.<\/p><p>Notre \u00e9quipe CuraMed hautement qualifi\u00e9e d'infirmi\u00e8res praticiennes fournira \u00e9galement des services m\u00e9dicaux \u00e0 nos clients. Des psychologues, des nutritionnistes et des travailleurs sociaux compl\u00e8tent le groupe de professionnels priv\u00e9s de CuraMed.<\/p>\n\t\t\t\t\t<\/div>\n\t\t\t\t\t\t<\/div>\n\t\t\t\t<\/div>\n\t\t\t\t<div class=\"elementor-element elementor-element-2ae6057 elementor-widget-divider--view-line elementor-widget elementor-widget-divider\" data-id=\"2ae6057\" data-element_type=\"widget\" data-widget_type=\"divider.default\">\n\t\t\t\t\t\t\t<div class=\"elementor-divider\">\n\t\t\t<span class=\"elementor-divider-separator\">\n\t\t\t\t\t\t<\/span>\n\t\t<\/div>\n\t\t\t\t\t\t<\/div>\n\t\t\t\t<div class=\"elementor-element elementor-element-b3ea1ad elementor-widget elementor-widget-heading\" data-id=\"b3ea1ad\" data-element_type=\"widget\" data-widget_type=\"heading.default\">\n\t\t\t\t\t<h3 class=\"elementor-heading-title elementor-size-default\">Nos valeurs<\/h3>\t\t\t\t<\/div>\n\t\t\t\t<div class=\"elementor-element elementor-element-e267332 bdt-image-hover-effect-wrap bdt-image-hover-effect-3 elementor-widget elementor-widget-image\" data-id=\"e267332\" data-element_type=\"widget\" data-widget_type=\"image.default\">\n\t\t\t\t\t\t\t\t\t\t\t\t\t\t\t<img fetchpriority=\"high\" decoding=\"async\" width=\"1024\" height=\"596\" src=\"http:\/\/curamed.ca\/wp-content\/uploads\/2026\/01\/Francais-valeurs-sans-titre.png\" class=\"attachment-large size-large wp-image-10677\" alt=\"\" srcset=\"https:\/\/curamed.ca\/wp-content\/uploads\/2026\/01\/Francais-valeurs-sans-titre.png 1536w, https:\/\/curamed.ca\/wp-content\/uploads\/2026\/01\/Francais-valeurs-sans-titre-300x173.png 300w, https:\/\/curamed.ca\/wp-content\/uploads\/2026\/01\/Francais-valeurs-sans-titre-1024x591.png 1024w, https:\/\/curamed.ca\/wp-content\/uploads\/2026\/01\/Francais-valeurs-sans-titre-768x443.png 768w, https:\/\/curamed.ca\/wp-content\/uploads\/2026\/01\/Francais-valeurs-sans-titre-18x10.png 18w\" sizes=\"(max-width: 1024px) 100vw, 1024px\" \/>\t\t\t\t\t\t\t\t\t\t\t\t\t\t\t<\/div>\n\t\t\t\t<div class=\"elementor-element elementor-element-84b5ace elementor-widget elementor-widget-spacer\" data-id=\"84b5ace\" data-element_type=\"widget\" data-widget_type=\"spacer.default\">\n\t\t\t\t\t\t\t<div class=\"elementor-spacer\">\n\t\t\t<div class=\"elementor-spacer-inner\"><\/div>\n\t\t<\/div>\n\t\t\t\t\t\t<\/div>\n\t\t\t\t<div class=\"elementor-element elementor-element-579df12 wd-width-100 elementor-widget elementor-widget-wd_title\" data-id=\"579df12\" data-element_type=\"widget\" data-widget_type=\"wd_title.default\">\n\t\t\t\t<div class=\"elementor-widget-container\">\n\t\t\t\t\t\t\t<div class=\"title-wrapper wd-set-mb reset-last-child wd-title-color-default wd-title-style-default wd-title-size-medium text-left\">\n\n\t\t\t\n\t\t\t<div class=\"liner-continer\">\n\t\t\t\t<h4 class=\"woodmart-title-container title wd-fontsize-xl\">Notre mission<\/h4> \n\t\t\t\t\t\t\t<\/div>\n\n\t\t\t\t\t\t\t<div class=\"title-after_title reset-last-child wd-fontsize-s\">\n\t\t\t\t\t<span style=\"font-family: Satoshi, Arial, Helvetica, sans-serif;font-size: 16px;font-style: normal;font-weight: 400\">Notre mission est de simplifier l\u2019exp\u00e9rience de soins en offrant des orientations claires, un soutien constant et un acc\u00e8s coordonn\u00e9 \u00e0 notre clinique ainsi qu\u2019\u00e0 notre r\u00e9seau de partenaires de confiance.<\/span>\t\t\t\t<\/div>\n\t\t\t\t\t<\/div>\n\t\t\t\t\t\t<\/div>\n\t\t\t\t<\/div>\n\t\t\t\t<div class=\"elementor-element elementor-element-95fbf28 elementor-widget elementor-widget-spacer\" data-id=\"95fbf28\" data-element_type=\"widget\" data-widget_type=\"spacer.default\">\n\t\t\t\t\t\t\t<div class=\"elementor-spacer\">\n\t\t\t<div class=\"elementor-spacer-inner\"><\/div>\n\t\t<\/div>\n\t\t\t\t\t\t<\/div>\n\t\t\t\t<\/div>\n\t\t<div class=\"elementor-element elementor-element-8f171f3 e-con-full e-flex e-con e-parent\" data-id=\"8f171f3\" data-element_type=\"container\">\n\t\t\t\t<div class=\"elementor-element elementor-element-77586f9 wd-width-100 elementor-widget elementor-widget-wd_title\" data-id=\"77586f9\" data-element_type=\"widget\" data-widget_type=\"wd_title.default\">\n\t\t\t\t<div class=\"elementor-widget-container\">\n\t\t\t\t\t\t\t<div class=\"title-wrapper wd-set-mb reset-last-child wd-title-color-default wd-title-style-default wd-title-size-medium text-left\">\n\n\t\t\t\n\t\t\t<div class=\"liner-continer\">\n\t\t\t\t<h4 class=\"woodmart-title-container title wd-fontsize-xl wd-underline-bordered\">Notre vision<\/h4> \n\t\t\t\t\t\t\t<\/div>\n\n\t\t\t\t\t\t\t<div class=\"title-after_title reset-last-child wd-fontsize-s\">\n\t\t\t\t\t<span style=\"font-family: Aptos, sans-serif;font-size: 16px;font-style: normal;font-weight: 400\">Notre vision est d\u2019\u00eatre la premi\u00e8re pens\u00e9e rassurante lorsque quelqu\u2019un ressent un malaise.<\/span>\t\t\t\t<\/div>\n\t\t\t\t\t<\/div>\n\t\t\t\t\t\t<\/div>\n\t\t\t\t<\/div>\n\t\t\t\t<\/div>\n\t\t\t\t<\/div>","protected":false},"excerpt":{"rendered":"<p>Montreal Private Clinic CuraMed CuraMed is pleased to announce the opening of its private medical facilities in the heart of<\/p>","protected":false},"author":1,"featured_media":0,"parent":0,"menu_order":0,"comment_status":"closed","ping_status":"closed","template":"","meta":{"footnotes":""},"class_list":["post-9851","page","type-page","status-publish","hentry"],"_links":{"self":[{"href":"https:\/\/curamed.ca\/fr\/wp-json\/wp\/v2\/pages\/9851","targetHints":{"allow":["GET"]}}],"collection":[{"href":"https:\/\/curamed.ca\/fr\/wp-json\/wp\/v2\/pages"}],"about":[{"href":"https:\/\/curamed.ca\/fr\/wp-json\/wp\/v2\/types\/page"}],"author":[{"embeddable":true,"href":"https:\/\/curamed.ca\/fr\/wp-json\/wp\/v2\/users\/1"}],"replies":[{"embeddable":true,"href":"https:\/\/curamed.ca\/fr\/wp-json\/wp\/v2\/comments?post=9851"}],"version-history":[{"count":65,"href":"https:\/\/curamed.ca\/fr\/wp-json\/wp\/v2\/pages\/9851\/revisions"}],"predecessor-version":[{"id":10729,"href":"https:\/\/curamed.ca\/fr\/wp-json\/wp\/v2\/pages\/9851\/revisions\/10729"}],"wp:attachment":[{"href":"https:\/\/curamed.ca\/fr\/wp-json\/wp\/v2\/media?parent=9851"}],"curies":[{"name":"wp","href":"https:\/\/api.w.org\/{rel}","templated":true}]}}