{"id":10123,"date":"2025-10-27T20:47:40","date_gmt":"2025-10-27T20:47:40","guid":{"rendered":"https:\/\/curamed.ca\/?page_id=10123"},"modified":"2026-01-12T00:59:28","modified_gmt":"2026-01-12T00:59:28","slug":"soins-pediatriques","status":"publish","type":"page","link":"https:\/\/curamed.ca\/fr\/soins-pediatriques\/","title":{"rendered":"Soins p\u00e9diatriques"},"content":{"rendered":"<div data-elementor-type=\"wp-page\" data-elementor-id=\"10123\" class=\"elementor elementor-10123\" data-elementor-post-type=\"page\">\n\t\t\t\t<div class=\"wd-negative-gap elementor-element elementor-element-713a6f3 e-flex e-con-boxed e-con e-parent\" data-id=\"713a6f3\" data-element_type=\"container\">\n\t\t\t\t\t<div class=\"e-con-inner\">\n\t\t\t\t<div class=\"elementor-element elementor-element-7afb850 elementor-widget elementor-widget-wd_text_block\" data-id=\"7afb850\" data-element_type=\"widget\" data-widget_type=\"wd_text_block.default\">\n\t\t\t\t<div class=\"elementor-widget-container\">\n\t\t\t\t\t\t\t<div class=\"wd-text-block reset-last-child text-left\">\n\t\t\t\n\t\t\t<h3 style=\"text-align: center;\">Re\u00e7u pour assurance priv\u00e9e pour chaque type de rendez-vous.<\/h3>\n\t\t\t\t\t<\/div>\n\t\t\t\t\t\t<\/div>\n\t\t\t\t<\/div>\n\t\t\t\t\t<\/div>\n\t\t\t\t<\/div>\n\t\t<div class=\"wd-negative-gap elementor-element elementor-element-f60ebaa e-flex e-con-boxed e-con e-parent\" data-id=\"f60ebaa\" data-element_type=\"container\">\n\t\t\t\t\t<div class=\"e-con-inner\">\n\t\t\t\t<div class=\"elementor-element elementor-element-dc6d523 elementor-widget elementor-widget-html\" data-id=\"dc6d523\" data-element_type=\"widget\" data-widget_type=\"html.default\">\n\t\t\t\t\t<!-- START COPYING HERE -->\r\n<style>\r\n    \/* \r\n       PEDIATRIC WELL CARE SCOPED STYLES\r\n       Prefixed with 'pwc-' to prevent affecting other site elements\r\n    *\/\r\n    .pwc-wrapper-block {\r\n        width: 100%;\r\n        padding: 20px 0;\r\n        display: block;\r\n        clear: both;\r\n    }\r\n\r\n    .pwc-container {\r\n        max-width: 1200px;\r\n        margin: 0 auto;\r\n        padding: 40px 20px;\r\n        font-family: -apple-system, BlinkMacSystemFont, 'Segoe UI', Roboto, Oxygen, Ubuntu, Cantarell, sans-serif;\r\n    }\r\n\r\n    .pwc-grid {\r\n        display: grid;\r\n        \/* auto-fit with 320px min-width prevents 'squishing' into thin strips *\/\r\n        grid-template-columns: repeat(auto-fit, minmax(320px, 1fr));\r\n        gap: 30px;\r\n        margin-bottom: 60px;\r\n        width: 100%;\r\n    }\r\n\r\n    .pwc-card {\r\n        background: #ffffff;\r\n        background: linear-gradient(135deg, #ffffff 0%, #fcfcfc 100%);\r\n        border-radius: 20px;\r\n        padding: 40px 30px;\r\n        box-shadow: 0 10px 30px rgba(0, 0, 0, 0.05);\r\n        transition: all 0.5s cubic-bezier(0.165, 0.84, 0.44, 1);\r\n        position: relative;\r\n        overflow: hidden;\r\n        border: 1px solid rgba(0, 0, 0, 0.08);\r\n        display: flex;\r\n        flex-direction: column;\r\n        min-height: 520px;\r\n        margin: 0 auto;\r\n        width: 100%; \/* Fill the grid cell *\/\r\n    }\r\n\r\n    .pwc-card::before {\r\n        content: '';\r\n        position: absolute;\r\n        top: 0;\r\n        left: 0;\r\n        right: 0;\r\n        height: 5px;\r\n        background: #000000;\r\n        transform: scaleX(0);\r\n        transition: transform 0.4s ease;\r\n        transform-origin: left;\r\n    }\r\n\r\n    .pwc-card:hover {\r\n        transform: translateY(-10px);\r\n        box-shadow: 0 25px 50px rgba(0, 0, 0, 0.12);\r\n        border-color: rgba(0, 0, 0, 0.15);\r\n    }\r\n\r\n    .pwc-card:hover::before {\r\n        transform: scaleX(1);\r\n    }\r\n\r\n    .pwc-card-header {\r\n        text-align: center;\r\n        margin-bottom: 25px;\r\n    }\r\n\r\n    .pwc-card-title {\r\n        font-size: 24px;\r\n        font-weight: 800;\r\n        margin-bottom: 6px;\r\n        color: #1a1a1a;\r\n        line-height: 1.2;\r\n    }\r\n\r\n    .pwc-card-subtitle {\r\n        font-size: 13px;\r\n        color: #7f8c8d;\r\n        font-weight: 600;\r\n        text-transform: uppercase;\r\n        letter-spacing: 1.5px;\r\n    }\r\n\r\n    .pwc-price-wrapper {\r\n        text-align: center;\r\n        margin-bottom: 30px;\r\n    }\r\n\r\n    .pwc-price {\r\n        font-size: 58px;\r\n        font-weight: 800;\r\n        color: #000000;\r\n        line-height: 1;\r\n        display: flex;\r\n        align-items: flex-start;\r\n        justify-content: center;\r\n    }\r\n    \r\n    .pwc-currency {\r\n        font-size: 26px;\r\n        font-weight: 700;\r\n        margin-right: 4px;\r\n        margin-top: 8px;\r\n    }\r\n\r\n    .pwc-features-list {\r\n        list-style: none;\r\n        padding: 0;\r\n        margin: 0 0 35px 0;\r\n        text-align: left;\r\n        color: #444;\r\n        flex-grow: 1;\r\n    }\r\n\r\n    .pwc-features-list li {\r\n        display: flex;\r\n        align-items: flex-start;\r\n        margin-bottom: 14px;\r\n        font-size: 15px;\r\n        line-height: 1.5;\r\n    }\r\n\r\n    .pwc-features-list svg {\r\n        width: 18px;\r\n        height: 18px;\r\n        margin-right: 12px;\r\n        flex-shrink: 0;\r\n        margin-top: 3px;\r\n        stroke: #000000;\r\n    }\r\n\r\n    .pwc-book-button {\r\n        display: block;\r\n        width: 100%;\r\n        padding: 16px 20px;\r\n        background: #000000;\r\n        color: #ffffff !important;\r\n        border: none;\r\n        border-radius: 12px;\r\n        font-size: 14px;\r\n        font-weight: 700;\r\n        cursor: pointer;\r\n        transition: all 0.3s ease;\r\n        text-transform: uppercase;\r\n        letter-spacing: 2px;\r\n        text-decoration: none !important;\r\n        text-align: center;\r\n        line-height: 1;\r\n        margin-top: auto;\r\n    }\r\n\r\n    .pwc-book-button:hover {\r\n        background: #222;\r\n        box-shadow: 0 8px 20px rgba(0, 0, 0, 0.2);\r\n        transform: scale(1.02);\r\n        color: #ffffff !important;\r\n    }\r\n\r\n    .pwc-section-title-wrapper {\r\n         text-align: center;\r\n         margin-bottom: 50px;\r\n    }\r\n\r\n    .pwc-section-title {\r\n        font-size: 42px;\r\n        font-weight: 900;\r\n        color: #1a1a1a;\r\n        position: relative;\r\n        padding-bottom: 20px;\r\n        display: inline-block;\r\n        letter-spacing: -0.5px;\r\n    }\r\n\r\n    .pwc-section-title::after {\r\n        content: '';\r\n        position: absolute;\r\n        bottom: 0;\r\n        left: 50%;\r\n        transform: translateX(-50%);\r\n        width: 80px;\r\n        height: 4px;\r\n        background: #000000;\r\n        border-radius: 2px;\r\n    }\r\n\r\n    @media (max-width: 768px) {\r\n        .pwc-container { padding: 40px 15px; }\r\n        .pwc-section-title { font-size: 32px; }\r\n        .pwc-price { font-size: 52px; }\r\n        .pwc-grid { grid-template-columns: 1fr; }\r\n    }\r\n<\/style>\r\n\r\n<div class=\"pwc-wrapper-block\">\r\n    <div class=\"pwc-container\">\r\n        <div class=\"pwc-section-title-wrapper\">\r\n            <h2 class=\"pwc-section-title\">Soins p\u00e9diatriques<\/h2>\r\n        <\/div>\r\n\r\n        <div class=\"pwc-grid\">\r\n            <!-- Newborn Member -->\r\n            <div class=\"pwc-card\">\r\n                <div class=\"pwc-card-header\">\r\n                    <div class=\"pwc-card-title\">Nouveau membre<\/div>\r\n                    <div class=\"pwc-card-subtitle\">Ann\u00e9e compl\u00e8te 1<\/div>\r\n                <\/div>\r\n                <div class=\"pwc-price-wrapper\">\r\n                    <div class=\"pwc-price\">\r\n                        <span class=\"pwc-currency\">$<\/span>\r\n                        <span>1200<\/span>\r\n                    <\/div>\r\n                <\/div>\r\n                <ul class=\"pwc-features-list\">\r\n                    <li><svg fill=\"none\" stroke=\"currentColor\" viewbox=\"0 0 24 24\"><path stroke-linecap=\"round\" stroke-linejoin=\"round\" stroke-width=\"2\" d=\"M5 13l4 4L19 7\"><\/path><\/svg><span>Visites \u00e0 1 \u00e0 4 semaines, 2, 4, 6, 9 et 12 mois<\/span><\/li>\r\n                    <li><svg fill=\"none\" stroke=\"currentColor\" viewbox=\"0 0 24 24\"><path stroke-linecap=\"round\" stroke-linejoin=\"round\" stroke-width=\"2\" d=\"M5 13l4 4L19 7\"><\/path><\/svg><span>Comprend 2 consultations pour soins aigus<\/span><\/li>\r\n                    <li><svg fill=\"none\" stroke=\"currentColor\" viewbox=\"0 0 24 24\"><path stroke-linecap=\"round\" stroke-linejoin=\"round\" stroke-width=\"2\" d=\"M5 13l4 4L19 7\"><\/path><\/svg><span>Acc\u00e8s collaboratif \u00e0 la RAMQ P\u00e9diatre<\/span><\/li>\r\n                <\/ul>\r\n                <a href=\"https:\/\/curamed.ca\/fr\/book-now\/\" class=\"pwc-book-button\">R\u00e9server maintenant<\/a>\r\n            <\/div>\r\n\r\n            <!-- 18 Months -->\r\n            <div class=\"pwc-card\">\r\n                <div class=\"pwc-card-header\">\r\n                    <div class=\"pwc-card-title\">Prochaines \u00e9tapes : 18 Mois<\/div>\r\n                    <div class=\"pwc-card-subtitle\">\u00c9tapes importantes du d\u00e9veloppement des tout-petits<\/div>\r\n                <\/div>\r\n                <div class=\"pwc-price-wrapper\">\r\n                    <div class=\"pwc-price\">\r\n                        <span class=\"pwc-currency\">$<\/span>\r\n                        <span>500<\/span>\r\n                    <\/div>\r\n                <\/div>\r\n                <ul class=\"pwc-features-list\">\r\n                    <li><svg fill=\"none\" stroke=\"currentColor\" viewbox=\"0 0 24 24\"><path stroke-linecap=\"round\" stroke-linejoin=\"round\" stroke-width=\"2\" d=\"M5 13l4 4L19 7\"><\/path><\/svg><span>Bilan annuel<\/span><\/li>\r\n                    <li><svg fill=\"none\" stroke=\"currentColor\" viewbox=\"0 0 24 24\"><path stroke-linecap=\"round\" stroke-linejoin=\"round\" stroke-width=\"2\" d=\"M5 13l4 4L19 7\"><\/path><\/svg><span>Comprend 2 consultations pour soins aigus<\/span><\/li>\r\n                    <li><svg fill=\"none\" stroke=\"currentColor\" viewbox=\"0 0 24 24\"><path stroke-linecap=\"round\" stroke-linejoin=\"round\" stroke-width=\"2\" d=\"M5 13l4 4L19 7\"><\/path><\/svg><span>Acc\u00e8s collaboratif \u00e0 la RAMQ P\u00e9diatre<\/span><\/li>\r\n                <\/ul>\r\n                <a href=\"https:\/\/curamed.ca\/fr\/book-now\/\" class=\"pwc-book-button\">R\u00e9server maintenant<\/a>\r\n            <\/div>\r\n\r\n            <!-- Next Steps: 2 Years -->\r\n            <div class=\"pwc-card\">\r\n                <div class=\"pwc-card-header\">\r\n                    <div class=\"pwc-card-title\">Prochaines \u00e9tapes : 2 ans<\/div>\r\n                    <div class=\"pwc-card-subtitle\">Petite enfance<\/div>\r\n                <\/div>\r\n                <div class=\"pwc-price-wrapper\">\r\n                    <div class=\"pwc-price\">\r\n                        <span class=\"pwc-currency\">$<\/span>\r\n                        <span>500<\/span>\r\n                    <\/div>\r\n                <\/div>\r\n                <ul class=\"pwc-features-list\">\r\n                    <li><svg fill=\"none\" stroke=\"currentColor\" viewbox=\"0 0 24 24\"><path stroke-linecap=\"round\" stroke-linejoin=\"round\" stroke-width=\"2\" d=\"M5 13l4 4L19 7\"><\/path><\/svg><span>Bilan annuel<\/span><\/li>\r\n                    <li><svg fill=\"none\" stroke=\"currentColor\" viewbox=\"0 0 24 24\"><path stroke-linecap=\"round\" stroke-linejoin=\"round\" stroke-width=\"2\" d=\"M5 13l4 4L19 7\"><\/path><\/svg><span>Comprend 2 consultations pour soins aigus<\/span><\/li>\r\n                    <li><svg fill=\"none\" stroke=\"currentColor\" viewbox=\"0 0 24 24\"><path stroke-linecap=\"round\" stroke-linejoin=\"round\" stroke-width=\"2\" d=\"M5 13l4 4L19 7\"><\/path><\/svg><span>Suivi de la croissance et du d\u00e9veloppement<\/span><\/li>\r\n                <\/ul>\r\n                <a href=\"https:\/\/curamed.ca\/fr\/book-now\/\" class=\"pwc-book-button\">R\u00e9server maintenant<\/a>\r\n            <\/div>\r\n\r\n            <!-- Next Steps: 3 Years -->\r\n            <div class=\"pwc-card\">\r\n                <div class=\"pwc-card-header\">\r\n                    <div class=\"pwc-card-title\">Prochaines \u00e9tapes : 3 ans<\/div>\r\n                    <div class=\"pwc-card-subtitle\">Petite enfance<\/div>\r\n                <\/div>\r\n                <div class=\"pwc-price-wrapper\">\r\n                    <div class=\"pwc-price\">\r\n                        <span class=\"pwc-currency\">$<\/span>\r\n                        <span>500<\/span>\r\n                    <\/div>\r\n                <\/div>\r\n                <ul class=\"pwc-features-list\">\r\n                    <li><svg fill=\"none\" stroke=\"currentColor\" viewbox=\"0 0 24 24\"><path stroke-linecap=\"round\" stroke-linejoin=\"round\" stroke-width=\"2\" d=\"M5 13l4 4L19 7\"><\/path><\/svg><span>Bilan annuel<\/span><\/li>\r\n                    <li><svg fill=\"none\" stroke=\"currentColor\" viewbox=\"0 0 24 24\"><path stroke-linecap=\"round\" stroke-linejoin=\"round\" stroke-width=\"2\" d=\"M5 13l4 4L19 7\"><\/path><\/svg><span>Comprend 2 consultations pour soins aigus<\/span><\/li>\r\n                    <li><svg fill=\"none\" stroke=\"currentColor\" viewbox=\"0 0 24 24\"><path stroke-linecap=\"round\" stroke-linejoin=\"round\" stroke-width=\"2\" d=\"M5 13l4 4L19 7\"><\/path><\/svg><span>D\u00e9pistage social et comportemental<\/span><\/li>\r\n                <\/ul>\r\n                <a href=\"https:\/\/curamed.ca\/fr\/book-now\/\" class=\"pwc-book-button\">R\u00e9server maintenant<\/a>\r\n            <\/div>\r\n\r\n            <!-- Next Steps: 4 Years -->\r\n            <div class=\"pwc-card\">\r\n                <div class=\"pwc-card-header\">\r\n                    <div class=\"pwc-card-title\">Prochaines \u00e9tapes : 3 ans<\/div>\r\n                    <div class=\"pwc-card-subtitle\">Bien-\u00eatre pr\u00e9scolaire<\/div>\r\n                <\/div>\r\n                <div class=\"pwc-price-wrapper\">\r\n                    <div class=\"pwc-price\">\r\n                        <span class=\"pwc-currency\">$<\/span>\r\n                        <span>500<\/span>\r\n                    <\/div>\r\n                <\/div>\r\n                <ul class=\"pwc-features-list\">\r\n                    <li><svg fill=\"none\" stroke=\"currentColor\" viewbox=\"0 0 24 24\"><path stroke-linecap=\"round\" stroke-linejoin=\"round\" stroke-width=\"2\" d=\"M5 13l4 4L19 7\"><\/path><\/svg><span>Bilan annuel<\/span><\/li>\r\n                    <li><svg fill=\"none\" stroke=\"currentColor\" viewbox=\"0 0 24 24\"><path stroke-linecap=\"round\" stroke-linejoin=\"round\" stroke-width=\"2\" d=\"M5 13l4 4L19 7\"><\/path><\/svg><span>Comprend 2 consultations pour soins aigus<\/span><\/li>\r\n                    <li><svg fill=\"none\" stroke=\"currentColor\" viewbox=\"0 0 24 24\"><path stroke-linecap=\"round\" stroke-linejoin=\"round\" stroke-width=\"2\" d=\"M5 13l4 4L19 7\"><\/path><\/svg><span>\u00c9valuation de la pr\u00e9paration \u00e0 l'\u00e9cole<\/span><\/li>\r\n                <\/ul>\r\n                <a href=\"https:\/\/curamed.ca\/fr\/book-now\/\" class=\"pwc-book-button\">R\u00e9server maintenant<\/a>\r\n            <\/div>\r\n\r\n            <!-- Next Steps: 5 Years -->\r\n            <div class=\"pwc-card\">\r\n                <div class=\"pwc-card-header\">\r\n                    <div class=\"pwc-card-title\">Prochaines \u00e9tapes : 3 ans<\/div>\r\n                    <div class=\"pwc-card-subtitle\">Entr\u00e9e \u00e0 l'\u00e9cole<\/div>\r\n                <\/div>\r\n                <div class=\"pwc-price-wrapper\">\r\n                    <div class=\"pwc-price\">\r\n                        <span class=\"pwc-currency\">$<\/span>\r\n                        <span>500<\/span>\r\n                    <\/div>\r\n                <\/div>\r\n                <ul class=\"pwc-features-list\">\r\n                    <li><svg fill=\"none\" stroke=\"currentColor\" viewbox=\"0 0 24 24\"><path stroke-linecap=\"round\" stroke-linejoin=\"round\" stroke-width=\"2\" d=\"M5 13l4 4L19 7\"><\/path><\/svg><span>Bilan annuel<\/span><\/li>\r\n                    <li><svg fill=\"none\" stroke=\"currentColor\" viewbox=\"0 0 24 24\"><path stroke-linecap=\"round\" stroke-linejoin=\"round\" stroke-width=\"2\" d=\"M5 13l4 4L19 7\"><\/path><\/svg><span>Comprend 2 consultations pour soins aigus<\/span><\/li>\r\n                    <li><svg fill=\"none\" stroke=\"currentColor\" viewbox=\"0 0 24 24\"><path stroke-linecap=\"round\" stroke-linejoin=\"round\" stroke-width=\"2\" d=\"M5 13l4 4L19 7\"><\/path><\/svg><span>Comprehensive physical exam<\/span><\/li>\r\n                <\/ul>\r\n                <a href=\"https:\/\/curamed.ca\/fr\/book-now\/\" class=\"pwc-book-button\">R\u00e9server maintenant<\/a>\r\n            <\/div>\r\n        <\/div>\r\n    <\/div>\r\n<\/div>\r\n<!-- END COPYING HERE -->\t\t\t\t<\/div>\n\t\t\t\t\t<\/div>\n\t\t\t\t<\/div>\n\t\t<div class=\"wd-negative-gap elementor-element elementor-element-4003509 e-flex e-con-boxed e-con e-parent\" data-id=\"4003509\" data-element_type=\"container\">\n\t\t\t\t\t<div class=\"e-con-inner\">\n\t\t<div class=\"elementor-element elementor-element-13813dd e-con-full e-flex e-con e-child\" data-id=\"13813dd\" data-element_type=\"container\">\n\t\t\t\t<div class=\"elementor-element elementor-element-b5369a1 elementor-widget elementor-widget-wd_text_block\" data-id=\"b5369a1\" data-element_type=\"widget\" data-widget_type=\"wd_text_block.default\">\n\t\t\t\t<div class=\"elementor-widget-container\">\n\t\t\t\t\t\t\t<div class=\"wd-text-block reset-last-child text-left\">\n\t\t\t\n\t\t\t<h1>Pr\u00e9sentation du service p\u00e9diatrique ABCdaire chez CuraMed<\/h1>\n\n<p>\nDes soins complets con\u00e7us pour \u00e9tablir les bases d'une sant\u00e9 durable. Chez CuraMed, nous croyons \nque les premi\u00e8res \u00e9tapes de la vie d\u00e9terminent le bien-\u00eatre futur de l'enfant. Afin d'appuyer les familles durant \nces ann\u00e9es importantes, nous offrons le programme p\u00e9diatrique novateur ABCdaire, qui jouit d'une grande \nconfiance aupr\u00e8s des \u00e9quipes de soins de sant\u00e9 de partout au Qu\u00e9bec depuis des d\u00e9cennies.\n<\/p>\n\n<p>\nCon\u00e7u pour les nourrissons et les enfants jusqu'\u00e0 cinq ans, l'ABCdaire propose des conseils pratiques, un \nsuivi du d\u00e9veloppement et un soutien fond\u00e9 sur des donn\u00e9es probantes qui aident les soignants et les cliniciens \n\u00e0 comprendre le parcours unique de chaque enfant.\n<\/p>\n\n<p>\nGr\u00e2ce \u00e0 l'ABCdaire int\u00e9gr\u00e9 \u00e0 vos soins chez CuraMed, vous pouvez en toute confiance favoriser la croissance de votre \nenfant, c\u00e9l\u00e9brer ses \u00e9tapes importantes et garder une longueur d'avance pour promouvoir sa sant\u00e9 et son \nbonheur.\n<\/p>\n\n<h2>Qu'est-ce que l'ABCdaire ?<\/h2>\n\n<p>\nL'ABCdaire est un cadre d'\u00e9valuation et de suivi p\u00e9diatrique cr\u00e9\u00e9 au CHU Sainte-Justine. \nAu fil des ans, il est devenu un outil clinique largement utilis\u00e9 pour surveiller la sant\u00e9 et le \nd\u00e9veloppement des enfants de la naissance \u00e0 l'\u00e2ge de cinq ans.\n<\/p>\n\n<p>\nCon\u00e7u pour les m\u00e9decins, les infirmi\u00e8res dipl\u00f4m\u00e9es et les infirmi\u00e8res praticiennes, l'ABCdaire offre une \nstructure claire pour les visites p\u00e9diatriques de routine. Le programme comprend des ressources pratiques telles que des \nlistes de contr\u00f4le du d\u00e9veloppement, des guides de surveillance sp\u00e9cifiques \u00e0 l'\u00e2ge, des r\u00e9f\u00e9rences de croissance standardis\u00e9es et des \noutils num\u00e9riques qui permettent des \u00e9valuations pr\u00e9cises et coh\u00e9rentes.\n<\/p>\n\n<p>\nSon contenu est r\u00e9guli\u00e8rement revu et mis \u00e0 jour en fonction des preuves scientifiques actuelles, ce qui garantit \nque les prestataires de soins peuvent s'appuyer sur les connaissances p\u00e9diatriques les plus r\u00e9centes.\n<\/p>\n\n<p>\nDepuis plus de 20 ans, les professionnels de la sant\u00e9 de tout le Qu\u00e9bec ont int\u00e9gr\u00e9 l'ABCdaire \ndans leur pratique pour aider \u00e0 guider la sant\u00e9, le d\u00e9veloppement et les soins pr\u00e9ventifs de la petite enfance.\n<\/p>\n\n<p>\nAyez l'esprit tranquille gr\u00e2ce \u00e0 nos deux forfaits p\u00e9diatriques exclusifs : l'adh\u00e9sion \u00ab Newborn \u00bb, \nqui accompagne votre b\u00e9b\u00e9 dans ses premi\u00e8res \u00e9tapes importantes, et l'adh\u00e9sion \u00ab Next Steps \u00bb, qui prolonge les soins sp\u00e9cialis\u00e9s \nau cours des ann\u00e9es suivantes. Chaque adh\u00e9sion comprend \u00e9galement deux consultations en soins intensifs, garantissant \u00e0 \nvotre enfant un acc\u00e8s rapide aux soins en cas de probl\u00e8mes de sant\u00e9 impr\u00e9vus.\n<\/p>\n\t\t\t\t\t<\/div>\n\t\t\t\t\t\t<\/div>\n\t\t\t\t<\/div>\n\t\t\t\t<\/div>\n\t\t<div class=\"elementor-element elementor-element-47bc6bc e-con-full e-flex e-con e-child\" data-id=\"47bc6bc\" data-element_type=\"container\">\n\t\t\t\t<div class=\"elementor-element elementor-element-67e59a5 elementor-widget elementor-widget-image\" data-id=\"67e59a5\" data-element_type=\"widget\" data-widget_type=\"image.default\">\n\t\t\t\t\t\t\t\t\t\t\t\t\t\t\t<img fetchpriority=\"high\" decoding=\"async\" width=\"1024\" height=\"1024\" src=\"https:\/\/curamed.ca\/wp-content\/uploads\/2025\/12\/filip-mroz-oko_4WnoM98-unsplash-1024x1024.jpg\" class=\"attachment-large size-large wp-image-10443\" alt=\"\" srcset=\"https:\/\/curamed.ca\/wp-content\/uploads\/2025\/12\/filip-mroz-oko_4WnoM98-unsplash-1024x1024.jpg 1024w, https:\/\/curamed.ca\/wp-content\/uploads\/2025\/12\/filip-mroz-oko_4WnoM98-unsplash-300x300.jpg 300w, https:\/\/curamed.ca\/wp-content\/uploads\/2025\/12\/filip-mroz-oko_4WnoM98-unsplash-150x150.jpg 150w, https:\/\/curamed.ca\/wp-content\/uploads\/2025\/12\/filip-mroz-oko_4WnoM98-unsplash-768x768.jpg 768w, https:\/\/curamed.ca\/wp-content\/uploads\/2025\/12\/filip-mroz-oko_4WnoM98-unsplash-1536x1536.jpg 1536w, https:\/\/curamed.ca\/wp-content\/uploads\/2025\/12\/filip-mroz-oko_4WnoM98-unsplash-2048x2048.jpg 2048w, https:\/\/curamed.ca\/wp-content\/uploads\/2025\/12\/filip-mroz-oko_4WnoM98-unsplash-scaled.jpg 1600w\" sizes=\"(max-width: 1024px) 100vw, 1024px\" \/>\t\t\t\t\t\t\t\t\t\t\t\t\t\t\t<\/div>\n\t\t\t\t<\/div>\n\t\t\t\t\t<\/div>\n\t\t\t\t<\/div>\n\t\t\t\t<\/div>","protected":false},"excerpt":{"rendered":"<p>Receipt for private insurance for every appointment type. Pediatric Well Care Newborn Member Comprehensive Year 1 $ 1200 Visits at<\/p>","protected":false},"author":1,"featured_media":10528,"parent":0,"menu_order":0,"comment_status":"closed","ping_status":"closed","template":"","meta":{"footnotes":""},"class_list":["post-10123","page","type-page","status-publish","has-post-thumbnail","hentry"],"_links":{"self":[{"href":"https:\/\/curamed.ca\/fr\/wp-json\/wp\/v2\/pages\/10123","targetHints":{"allow":["GET"]}}],"collection":[{"href":"https:\/\/curamed.ca\/fr\/wp-json\/wp\/v2\/pages"}],"about":[{"href":"https:\/\/curamed.ca\/fr\/wp-json\/wp\/v2\/types\/page"}],"author":[{"embeddable":true,"href":"https:\/\/curamed.ca\/fr\/wp-json\/wp\/v2\/users\/1"}],"replies":[{"embeddable":true,"href":"https:\/\/curamed.ca\/fr\/wp-json\/wp\/v2\/comments?post=10123"}],"version-history":[{"count":30,"href":"https:\/\/curamed.ca\/fr\/wp-json\/wp\/v2\/pages\/10123\/revisions"}],"predecessor-version":[{"id":10589,"href":"https:\/\/curamed.ca\/fr\/wp-json\/wp\/v2\/pages\/10123\/revisions\/10589"}],"wp:featuredmedia":[{"embeddable":true,"href":"https:\/\/curamed.ca\/fr\/wp-json\/wp\/v2\/media\/10528"}],"wp:attachment":[{"href":"https:\/\/curamed.ca\/fr\/wp-json\/wp\/v2\/media?parent=10123"}],"curies":[{"name":"wp","href":"https:\/\/api.w.org\/{rel}","templated":true}]}}