{"id":10121,"date":"2025-10-27T20:47:20","date_gmt":"2025-10-27T20:47:20","guid":{"rendered":"https:\/\/curamed.ca\/?page_id=10121"},"modified":"2026-01-12T01:09:03","modified_gmt":"2026-01-12T01:09:03","slug":"sante-des-femmes","status":"publish","type":"page","link":"https:\/\/curamed.ca\/fr\/sante-des-femmes\/","title":{"rendered":"Women&#8217;s Health"},"content":{"rendered":"<div data-elementor-type=\"wp-page\" data-elementor-id=\"10121\" class=\"elementor elementor-10121\" data-elementor-post-type=\"page\">\n\t\t\t\t<div class=\"wd-negative-gap elementor-element elementor-element-9e1b42f e-flex e-con-boxed e-con e-parent\" data-id=\"9e1b42f\" data-element_type=\"container\">\n\t\t\t\t\t<div class=\"e-con-inner\">\n\t\t\t\t<div class=\"elementor-element elementor-element-9f3fe5e elementor-widget elementor-widget-wd_text_block\" data-id=\"9f3fe5e\" data-element_type=\"widget\" data-widget_type=\"wd_text_block.default\">\n\t\t\t\t<div class=\"elementor-widget-container\">\n\t\t\t\t\t\t\t<div class=\"wd-text-block reset-last-child text-left\">\n\t\t\t\n\t\t\t<h3 style=\"text-align: center;\">Re\u00e7u pour assurance priv\u00e9e pour chaque type de rendez-vous.<\/h3>\n\t\t\t\t\t<\/div>\n\t\t\t\t\t\t<\/div>\n\t\t\t\t<\/div>\n\t\t\t\t<div class=\"elementor-element elementor-element-0d5b501 elementor-widget elementor-widget-html\" data-id=\"0d5b501\" data-element_type=\"widget\" data-widget_type=\"html.default\">\n\t\t\t\t\t<style>\n    * {\n        margin: 0;\n        padding: 0;\n        box-sizing: border-box;\n    }\n\n    .pricing-container {\n        max-width: 1200px;\n        margin: 0 auto;\n        padding: 0px 20px;\n        font-family: -apple-system, BlinkMacSystemFont, 'Segoe UI', Roboto, Oxygen, Ubuntu, Cantarell, sans-serif;\n    }\n\n    .pricing-grid {\n        display: grid;\n        grid-template-columns: repeat(auto-fit, minmax(280px, 1fr));\n        gap: 30px;\n        margin-bottom: 60px;\n    }\n\n    .pricing-card {\n        background: linear-gradient(135deg, #ffffff 0%, #f8f9fa 100%);\n        border-radius: 16px;\n        padding: 30px;\n        box-shadow: 0 4px 6px rgba(0, 0, 0, 0.07);\n        transition: all 0.4s cubic-bezier(0.165, 0.84, 0.44, 1);\n        position: relative;\n        overflow: hidden;\n        border: 1px solid rgba(0, 0, 0, 0.06);\n        display: flex;\n        flex-direction: column;\n    }\n\n    .pricing-card::before {\n        content: '';\n        position: absolute;\n        top: 0;\n        left: 0;\n        right: 0;\n        height: 4px;\n        background: #000000;\n        transform: scaleX(0);\n        transition: transform 0.4s ease;\n        transform-origin: left;\n    }\n\n    .pricing-card:hover {\n        transform: translateY(-12px);\n        box-shadow: 0 20px 40px rgba(0, 0, 0, 0.15);\n        border-color: rgba(0, 0, 0, 0.1);\n    }\n\n    .pricing-card:hover::before {\n        transform: scaleX(1);\n    }\n\n    .popular-badge {\n        position: absolute;\n        top: 20px;\n        right: -35px;\n        background: #000000;\n        color: white;\n        padding: 8px 45px;\n        font-size: 12px;\n        font-weight: 700;\n        letter-spacing: 1px;\n        transform: rotate(45deg);\n        box-shadow: 0 4px 8px rgba(0, 0, 0, 0.2);\n    }\n\n    .card-header {\n        text-align: center;\n        margin-bottom: 20px;\n    }\n\n    .card-title {\n        font-size: 24px;\n        font-weight: 700;\n        margin-bottom: 4px;\n        color: #2c3e50;\n    }\n\n    .card-subtitle {\n        font-size: 15px;\n        color: #5a6c7d;\n        font-weight: 400;\n    }\n\n    .price-wrapper {\n        text-align: center;\n        margin: 15px 0 25px 0;\n    }\n\n    .price {\n        font-size: 56px;\n        font-weight: 800;\n        color: #2c3e50;\n        line-height: 1;\n        display: flex;\n        align-items: flex-start;\n        justify-content: center;\n    }\n\n    .currency {\n        font-size: 24px;\n        font-weight: 600;\n        margin-right: 4px;\n        margin-top: 6px;\n    }\n\n    .price-note {\n        text-align: center;\n        font-size: 13px;\n        color: #5a6c7d;\n        margin-top: 8px;\n        font-weight: 500;\n    }\n\n    .features-list {\n        list-style: none;\n        padding: 0;\n        margin-bottom: 30px;\n        text-align: left;\n        color: #5a6c7d;\n        flex-grow: 1;\n    }\n\n    .features-list li {\n        display: flex;\n        align-items: flex-start;\n        margin-bottom: 12px;\n        font-size: 15px;\n        line-height: 1.5;\n    }\n\n    .features-list svg {\n        width: 18px;\n        height: 18px;\n        margin-right: 10px;\n        flex-shrink: 0;\n        margin-top: 3px;\n        stroke: #000000;\n    }\n\n    .sub-list {\n        list-style: none;\n        padding-left: 28px;\n        margin-top: 8px;\n    }\n\n    .sub-list li {\n        margin-bottom: 6px;\n        font-size: 14px;\n        color: #6c757d;\n    }\n\n    .sub-list li::before {\n        content: '\u2022';\n        margin-right: 8px;\n        color: #000000;\n    }\n\n    .book-button {\n        display: block;\n        width: 100%;\n        padding: 16px 32px;\n        background: #000000;\n        color: white;\n        border: none;\n        border-radius: 10px;\n        font-size: 16px;\n        font-weight: 600;\n        cursor: pointer;\n        transition: all 0.3s ease;\n        text-transform: uppercase;\n        letter-spacing: 1px;\n        box-shadow: 0 4px 12px rgba(0, 0, 0, 0.15);\n        text-decoration: none;\n        text-align: center;\n        line-height: 1;\n        margin-top: auto;\n    }\n\n    .book-button:hover {\n        background: #333;\n        transform: translateY(-2px);\n        box-shadow: 0 8px 20px rgba(0, 0, 0, 0.20);\n    }\n\n    .section-title-wrapper {\n         text-align: center;\n         margin-bottom: 40px;\n    }\n\n    .section-title {\n        font-size: 36px;\n        font-weight: 800;\n        color: #2c3e50;\n        position: relative;\n        padding-bottom: 15px;\n        display: inline-block;\n    }\n\n    .section-title::after {\n        content: '';\n        position: absolute;\n        bottom: 0;\n        left: 50%;\n        transform: translateX(-50%);\n        width: 80px;\n        height: 4px;\n        background: #000000;\n        border-radius: 2px;\n    }\n\n    @media (max-width: 768px) {\n        .pricing-grid {\n            grid-template-columns: 1fr;\n            gap: 25px;\n        }\n        .price { font-size: 52px; }\n        .card-title { font-size: 22px; }\n        .section-title { font-size: 28px; }\n    }\n\n<\/style>\n<div class=\"pricing-container\">\n    <div class=\"section-title-wrapper\">\n        <h2 class=\"section-title\">Sant\u00e9 des femmes<\/h2>\n    <\/div>\n    <div class=\"pricing-grid\">\n        <!-- Women's Health Consultation -->\n        <div class=\"pricing-card\">\n            <div class=\"card-header\">\n                <div class=\"card-title\">Consultation sur la sant\u00e9 des femmes<\/div>\n                <div class=\"card-subtitle\">D\u00e9pistage et \u00e9valuation<\/div>\n            <\/div>\n            <div class=\"price-wrapper\">\n                <div class=\"price\">\n                    <span class=\"currency\">$<\/span>\n                    <span>350<\/span>\n                <\/div>\n            <\/div>\n            <ul class=\"features-list\">\n                <li><svg fill=\"none\" stroke=\"currentColor\" viewbox=\"0 0 24 24\"><path stroke-linecap=\"round\" stroke-linejoin=\"round\" stroke-width=\"2\" d=\"M5 13l4 4L19 7\"><\/path><\/svg><span>\u00c9valuation de l'\u00e2ge et d\u00e9pistage des facteurs de risque<\/span><\/li>\n                <li><svg fill=\"none\" stroke=\"currentColor\" viewbox=\"0 0 24 24\"><path stroke-linecap=\"round\" stroke-linejoin=\"round\" stroke-width=\"2\" d=\"M5 13l4 4L19 7\"><\/path><\/svg><span>Recommandations pour mammographie et \u00e9chographie<\/span><\/li>\n                <li><svg fill=\"none\" stroke=\"currentColor\" viewbox=\"0 0 24 24\"><path stroke-linecap=\"round\" stroke-linejoin=\"round\" stroke-width=\"2\" d=\"M5 13l4 4L19 7\"><\/path><\/svg><span>Test Pap ou cytologie \u00e0 co\u00fbt suppl\u00e9mentaire<\/span><\/li>\n                 <li><svg fill=\"none\" stroke=\"currentColor\" viewbox=\"0 0 24 24\"><path stroke-linecap=\"round\" stroke-linejoin=\"round\" stroke-width=\"2\" d=\"M5 13l4 4L19 7\"><\/path><\/svg><span>Tests suppl\u00e9mentaires en laboratoire moyennant des frais suppl\u00e9mentaires<\/span><\/li>\n            <\/ul>\n            <a href=\"https:\/\/curamed.ca\/fr\/book-now\/\" class=\"book-button\">R\u00e9server maintenant<\/a>\n        <\/div>\n\n        <!-- Initial Contraception -->\n        <div class=\"pricing-card\">\n            <div class=\"card-header\">\n                <div class=\"card-title\">Contraception initiale<\/div>\n                <div class=\"card-subtitle\">Consultation et options<\/div>\n            <\/div>\n            <div class=\"price-wrapper\">\n                <div class=\"price\">\n                    <span class=\"currency\">$<\/span>\n                    <span>275<\/span>\n                <\/div>\n            <\/div>\n             <ul class=\"features-list\">\n                <li><svg fill=\"none\" stroke=\"currentColor\" viewbox=\"0 0 24 24\"><path stroke-linecap=\"round\" stroke-linejoin=\"round\" stroke-width=\"2\" d=\"M5 13l4 4L19 7\"><\/path><\/svg><span>Consultation pour discuter des options contraceptives<\/span><\/li>\n                <li><svg fill=\"none\" stroke=\"currentColor\" viewbox=\"0 0 24 24\"><path stroke-linecap=\"round\" stroke-linejoin=\"round\" stroke-width=\"2\" d=\"M5 13l4 4L19 7\"><\/path><\/svg><span>Trouvez la solution qui vous convient le mieux<\/span><\/li>\n                <li><svg fill=\"none\" stroke=\"currentColor\" viewbox=\"0 0 24 24\"><path stroke-linecap=\"round\" stroke-linejoin=\"round\" stroke-width=\"2\" d=\"M5 13l4 4L19 7\"><\/path><\/svg><span>L'intervention peut \u00eatre r\u00e9alis\u00e9e le jour m\u00eame (implant, DIU).<\/span><\/li>\n                <li><svg fill=\"none\" stroke=\"currentColor\" viewbox=\"0 0 24 24\"><path stroke-linecap=\"round\" stroke-linejoin=\"round\" stroke-width=\"2\" d=\"M5 13l4 4L19 7\"><\/path><\/svg>\n                    <div>\n                        <span>Diff\u00e9rentes m\u00e9thodes de contraception :<\/span>\n                        <ul class=\"sub-list\">\n                            <li>Oral<\/li>\n                            <li>IUD installation with or without hormones<\/li>\n                            <li>Nexplanon installation<\/li>\n                        <\/ul>\n                    <\/div>\n                <\/li>\n            <\/ul>\n            <a href=\"https:\/\/curamed.ca\/fr\/book-now\/\" class=\"book-button\">R\u00e9server maintenant<\/a>\n        <\/div>\n\n        <!-- IUD Removal -->\n        <div class=\"pricing-card\">\n            <div class=\"card-header\">\n                <div class=\"card-title\">Retrait du DIU<\/div>\n                <div class=\"card-subtitle\">Proc\u00e9dure<\/div>\n            <\/div>\n            <div class=\"price-wrapper\">\n                <div class=\"price\">\n                    <span class=\"currency\">$<\/span>\n                    <span>175<\/span>\n                <\/div>\n            <\/div>\n            <ul class=\"features-list\">\n                <li><svg fill=\"none\" stroke=\"currentColor\" viewbox=\"0 0 24 24\"><path stroke-linecap=\"round\" stroke-linejoin=\"round\" stroke-width=\"2\" d=\"M5 13l4 4L19 7\"><\/path><\/svg><span>Consultation avec un professionnel<\/span><\/li>\n                <li><svg fill=\"none\" stroke=\"currentColor\" viewbox=\"0 0 24 24\"><path stroke-linecap=\"round\" stroke-linejoin=\"round\" stroke-width=\"2\" d=\"M5 13l4 4L19 7\"><\/path><\/svg><span>Proc\u00e9dure d'enl\u00e8vement s\u00fbre et efficace<\/span><\/li>\n            <\/ul>\n            <a href=\"https:\/\/curamed.ca\/fr\/book-now\/\" class=\"book-button\">R\u00e9server maintenant<\/a>\n        <\/div>\n\n        <!-- PAP & HPV Test -->\n        <div class=\"pricing-card\">\n            <div class=\"card-header\">\n                <div class=\"card-title\">Test PAP et HPV<\/div>\n                <div class=\"card-subtitle\">Consultation et proc\u00e9dure<\/div>\n            <\/div>\n            <div class=\"price-wrapper\">\n                <div class=\"price\">\n                    <span class=\"currency\">$<\/span>\n                    <span>290<\/span>\n                <\/div>\n               \n            <\/div>\n            <ul class=\"features-list\">\n                <li><svg fill=\"none\" stroke=\"currentColor\" viewbox=\"0 0 24 24\"><path stroke-linecap=\"round\" stroke-linejoin=\"round\" stroke-width=\"2\" d=\"M5 13l4 4L19 7\"><\/path><\/svg><span>Consultation avec un professionnel de la sant\u00e9<\/span><\/li>\n                <li><svg fill=\"none\" stroke=\"currentColor\" viewbox=\"0 0 24 24\"><path stroke-linecap=\"round\" stroke-linejoin=\"round\" stroke-width=\"2\" d=\"M5 13l4 4L19 7\"><\/path><\/svg><span>R\u00e9sultats en 7 jours<\/span><\/li>\n                <li><svg fill=\"none\" stroke=\"currentColor\" viewbox=\"0 0 24 24\"><path stroke-linecap=\"round\" stroke-linejoin=\"round\" stroke-width=\"2\" d=\"M5 13l4 4L19 7\"><\/path><\/svg><span>Des r\u00e9sultats rapides par rapport au secteur public<\/span><\/li>\n                <li><svg fill=\"none\" stroke=\"currentColor\" viewbox=\"0 0 24 24\"><path stroke-linecap=\"round\" stroke-linejoin=\"round\" stroke-width=\"2\" d=\"M5 13l4 4L19 7\"><\/path><\/svg><span>Des r\u00e9sultats rapides par rapport au secteur public<\/span><\/li>\n            <\/ul>\n            <a href=\"https:\/\/curamed.ca\/fr\/book-now\/\" class=\"book-button\">R\u00e9server maintenant<\/a>\n        <\/div>\n    <\/div>\n<\/div>\t\t\t\t<\/div>\n\t\t\t\t\t<\/div>\n\t\t\t\t<\/div>\n\t\t\t\t<\/div>","protected":false},"excerpt":{"rendered":"<p>Receipt for private insurance for every appointment type. Women&#8217;s Health Women&#8217;s Health Consultation Screening &#038; Assessment $ 350 Age assessment<\/p>","protected":false},"author":1,"featured_media":0,"parent":0,"menu_order":0,"comment_status":"closed","ping_status":"closed","template":"","meta":{"footnotes":""},"class_list":["post-10121","page","type-page","status-publish","hentry"],"_links":{"self":[{"href":"https:\/\/curamed.ca\/fr\/wp-json\/wp\/v2\/pages\/10121","targetHints":{"allow":["GET"]}}],"collection":[{"href":"https:\/\/curamed.ca\/fr\/wp-json\/wp\/v2\/pages"}],"about":[{"href":"https:\/\/curamed.ca\/fr\/wp-json\/wp\/v2\/types\/page"}],"author":[{"embeddable":true,"href":"https:\/\/curamed.ca\/fr\/wp-json\/wp\/v2\/users\/1"}],"replies":[{"embeddable":true,"href":"https:\/\/curamed.ca\/fr\/wp-json\/wp\/v2\/comments?post=10121"}],"version-history":[{"count":27,"href":"https:\/\/curamed.ca\/fr\/wp-json\/wp\/v2\/pages\/10121\/revisions"}],"predecessor-version":[{"id":10604,"href":"https:\/\/curamed.ca\/fr\/wp-json\/wp\/v2\/pages\/10121\/revisions\/10604"}],"wp:attachment":[{"href":"https:\/\/curamed.ca\/fr\/wp-json\/wp\/v2\/media?parent=10121"}],"curies":[{"name":"wp","href":"https:\/\/api.w.org\/{rel}","templated":true}]}}