{"id":10031,"date":"2025-10-18T00:25:52","date_gmt":"2025-10-18T00:25:52","guid":{"rendered":"https:\/\/curamed.ca\/?page_id=10031"},"modified":"2026-01-12T01:02:51","modified_gmt":"2026-01-12T01:02:51","slug":"frais","status":"publish","type":"page","link":"https:\/\/curamed.ca\/fr\/frais\/","title":{"rendered":"Frais"},"content":{"rendered":"<div data-elementor-type=\"wp-page\" data-elementor-id=\"10031\" class=\"elementor elementor-10031\" data-elementor-post-type=\"page\">\n\t\t\t\t<div class=\"wd-negative-gap elementor-element elementor-element-d393807 e-flex e-con-boxed e-con e-parent\" data-id=\"d393807\" data-element_type=\"container\">\n\t\t\t\t\t<div class=\"e-con-inner\">\n\t\t\t\t<div class=\"elementor-element elementor-element-512ffff color-scheme-inherit text-left elementor-widget elementor-widget-text-editor\" data-id=\"512ffff\" data-element_type=\"widget\" data-widget_type=\"text-editor.default\">\n\t\t\t\t\t\t\t\t\t<h1 class=\"mb-2 last:mb-0\">Services et tarifs en cardiologie | Cura Sant\u00e9 \u2013 Moniteurs Holter, ECG et MAPA<\/h1><p class=\"mb-2 last:mb-0\">Obtenez des tarifs transparents pour nos services de cardiologie chez Cura Sant\u00e9. Nos tests complets comprennent des moniteurs Holter, des \u00e9lectrocardiogrammes (ECG) et une surveillance ambulatoire de la pression art\u00e9rielle (ABPM). Apprenez-en davantage sur nos tarifs et prenez le contr\u00f4le de votre sant\u00e9 cardiaque d\u00e8s aujourd'hui !<\/p><pre><em>*La dur\u00e9e de la consultation correspond au temps allou\u00e9 n\u00e9cessaire pour le type de visite. Si la consultation d\u00e9passe le temps allou\u00e9, des frais suppl\u00e9mentaires seront factur\u00e9s.<\/em><\/pre><p><strong>Temps suppl\u00e9mentaire pour les consultations<\/strong><\/p><p><div id=\"footable_parent_9951\"\n         class=\"footable_parent ninja_table_wrapper loading_ninja_table wp_table_data_press_parent semantic_ui\">\n                <table data-ninja_table_instance=\"ninja_table_instance_0\" data-footable_id=\"9951\" data-filter-delay=\"1000\"            id=\"footable_9951\"\n           data-unique_identifier=\"ninja_table_unique_id_3965564072_9951\"\n           class=\"foo-table ninja_footable foo_table_9951 ninja_table_unique_id_3965564072_9951 ui table  nt_type_legacy_table selectable striped vertical_centered  footable-paging-right ninja_table_search_disabled\">\n                    <caption>Temps additionnel pour les consultations<\/caption>\n                <colgroup>\n                            <col class=\"ninja_column_0\">\n                            <col class=\"ninja_column_1\">\n                    <\/colgroup>\n        <thead>\n<tr class=\"footable-header\">\n                                        <th scope=\"col\"  class=\"ninja_column_0 ninja_clmn_nm_indica\">Temps suppl\u00e9mentaire<\/th><th scope=\"col\"  class=\"ninja_column_1 ninja_clmn_nm_sativa\">Frais<\/th><\/tr>\n<\/thead>\n<tbody>\n\n        <tr data-row_id=\"109\" class=\"ninja_table_row_0 nt_row_id_109\">\n            <td>10 min<\/td><td>$75.00<\/td>        <\/tr>\n    <\/tbody><!--ninja_tobody_rendering_done-->\n    <\/table>\n    \n    \n    \n<\/div>\n<\/p><p><div id=\"footable_parent_9946\"\n         class=\"footable_parent ninja_table_wrapper loading_ninja_table wp_table_data_press_parent semantic_ui\">\n                    <h3 class=\"table_title footable_title\">Frais li\u00e9s aux programmes sp\u00e9cialis\u00e9s<\/h3>\n                        <table data-ninja_table_instance=\"ninja_table_instance_1\" data-footable_id=\"9946\" data-filter-delay=\"1000\" aria-label=\"Frais li\u00e9s aux programmes sp\u00e9cialis\u00e9s\"            id=\"footable_9946\"\n           data-unique_identifier=\"ninja_table_unique_id_2310016450_9946\"\n           class=\"foo-table ninja_footable foo_table_9946 ninja_table_unique_id_2310016450_9946 ui table  nt_type_legacy_table selectable celled striped compact vertical_centered  footable-paging-right ninja_table_search_disabled\">\n                <colgroup>\n                            <col class=\"ninja_column_0\">\n                            <col class=\"ninja_column_1\">\n                    <\/colgroup>\n        <thead>\n<tr class=\"footable-header\">\n                                        <th scope=\"col\"  class=\"ninja_column_0 ninja_clmn_nm_conditions\">Programmes sp\u00e9cialis\u00e9s<\/th><th scope=\"col\"  class=\"ninja_column_1 ninja_clmn_nm_conditions3\">Fee<\/th><\/tr>\n<\/thead>\n<tbody>\n\n        <tr data-row_id=\"89\" class=\"ninja_table_row_0 nt_row_id_89\">\n            <td>\u00c9valuation et gestion de la pression art\u00e9rielle<\/td><td>$800.00<\/td>        <\/tr>\n    <\/tbody><!--ninja_tobody_rendering_done-->\n    <\/table>\n    \n    \n    \n<\/div>\n<\/p><p><div id=\"footable_parent_9942\"\n         class=\"footable_parent ninja_table_wrapper loading_ninja_table wp_table_data_press_parent semantic_ui\">\n                    <h3 class=\"table_title footable_title\">Frais de proc\u00e9dure<\/h3>\n                        <table data-ninja_table_instance=\"ninja_table_instance_2\" data-footable_id=\"9942\" data-filter-delay=\"1000\" aria-label=\"Frais de proc\u00e9dure\"            id=\"footable_9942\"\n           data-unique_identifier=\"ninja_table_unique_id_2850641385_9942\"\n           class=\"foo-table ninja_footable foo_table_9942 ninja_table_unique_id_2850641385_9942 ui table  nt_type_legacy_table selectable celled striped compact vertical_centered  footable-paging-right ninja_table_search_disabled\">\n                <colgroup>\n                            <col class=\"ninja_column_0\">\n                            <col class=\"ninja_column_1\">\n                    <\/colgroup>\n        <thead>\n<tr class=\"footable-header\">\n                                        <th scope=\"col\"  class=\"ninja_column_0 ninja_clmn_nm_conditions\">Proc\u00e9dure<\/th><th scope=\"col\"  class=\"ninja_column_1 ninja_clmn_nm_fees\">Fee<\/th><\/tr>\n<\/thead>\n<tbody>\n\n        <tr data-row_id=\"79\" class=\"ninja_table_row_0 nt_row_id_79\">\n            <td>Retrait du DIU<\/td><td>$175.00<\/td>        <\/tr>\n            <tr data-row_id=\"80\" class=\"ninja_table_row_1 nt_row_id_80\">\n            <td>Retrait et insertion d'un DIU<\/td><td>$275.00<\/td>        <\/tr>\n            <tr data-row_id=\"81\" class=\"ninja_table_row_2 nt_row_id_81\">\n            <td>Insertion d'un DIU<\/td><td>$275.00<\/td>        <\/tr>\n    <\/tbody><!--ninja_tobody_rendering_done-->\n    <\/table>\n    \n    \n    \n<\/div>\n<\/p><p><div id=\"footable_parent_10046\"\n         class=\"footable_parent ninja_table_wrapper loading_ninja_table wp_table_data_press_parent semantic_ui\">\n                    <h3 class=\"table_title footable_title\">Frais li\u00e9s aux soins infirmiers<\/h3>\n                        <table data-ninja_table_instance=\"ninja_table_instance_3\" data-footable_id=\"10046\" data-filter-delay=\"1000\" aria-label=\"Frais li\u00e9s aux soins infirmiers\"            id=\"footable_10046\"\n           data-unique_identifier=\"ninja_table_unique_id_858042527_10046\"\n           class=\"foo-table ninja_footable foo_table_10046 ninja_table_unique_id_858042527_10046 ui table  nt_type_legacy_table selectable celled striped compact vertical_centered  footable-paging-right ninja_table_search_disabled\">\n                <colgroup>\n                            <col class=\"ninja_column_0\">\n                            <col class=\"ninja_column_1\">\n                    <\/colgroup>\n        <thead>\n<tr class=\"footable-header\">\n                                        <th scope=\"col\"  class=\"ninja_column_0 ninja_clmn_nm_conditions\">Proc\u00e9dures<\/th><th scope=\"col\"  class=\"ninja_column_1 ninja_clmn_nm_conditions3\">Fee<\/th><\/tr>\n<\/thead>\n<tbody>\n\n        <tr data-row_id=\"128\" class=\"ninja_table_row_0 nt_row_id_128\">\n            <td>Nettoyage des oreilles<\/td><td>$35.00<\/td>        <\/tr>\n            <tr data-row_id=\"129\" class=\"ninja_table_row_1 nt_row_id_129\">\n            <td>Vaccination (administration)<\/td><td>$20.00<\/td>        <\/tr>\n            <tr data-row_id=\"130\" class=\"ninja_table_row_2 nt_row_id_130\">\n            <td>Streptocoque rapide<\/td><td>$30.00<\/td>        <\/tr>\n            <tr data-row_id=\"131\" class=\"ninja_table_row_3 nt_row_id_131\">\n            <td>Test de grossesse<\/td><td>$15.00<\/td>        <\/tr>\n            <tr data-row_id=\"132\" class=\"ninja_table_row_4 nt_row_id_132\">\n            <td>Bandelette r\u00e9active pour urine<\/td><td>$15.00<\/td>        <\/tr>\n    <\/tbody><!--ninja_tobody_rendering_done-->\n    <\/table>\n    \n    \n    \n<\/div>\n<\/p><p><div id=\"footable_parent_10044\"\n         class=\"footable_parent ninja_table_wrapper loading_ninja_table wp_table_data_press_parent semantic_ui\">\n                    <h3 class=\"table_title footable_title\">Tests cardiologiques<\/h3>\n                        <table data-ninja_table_instance=\"ninja_table_instance_4\" data-footable_id=\"10044\" data-filter-delay=\"1000\" aria-label=\"Tests cardiologiques\"            id=\"footable_10044\"\n           data-unique_identifier=\"ninja_table_unique_id_2931119916_10044\"\n           class=\"foo-table ninja_footable foo_table_10044 ninja_table_unique_id_2931119916_10044 ui table  nt_type_legacy_table selectable celled striped compact vertical_centered  footable-paging-right ninja_table_search_disabled\">\n                <colgroup>\n                            <col class=\"ninja_column_0\">\n                            <col class=\"ninja_column_1\">\n                    <\/colgroup>\n        <thead>\n<tr class=\"footable-header\">\n                                        <th scope=\"col\"  class=\"ninja_column_0 ninja_clmn_nm_conditions\">Tests<\/th><th scope=\"col\"  class=\"ninja_column_1 ninja_clmn_nm_conditions3\">Fee<\/th><\/tr>\n<\/thead>\n<tbody>\n\n        <tr data-row_id=\"119\" class=\"ninja_table_row_0 nt_row_id_119\">\n            <td>\u00c9lectrocardiogramme (non sign\u00e9)<\/td><td>$40.00<\/td>        <\/tr>\n            <tr data-row_id=\"120\" class=\"ninja_table_row_1 nt_row_id_120\">\n            <td>Moniteur ABPM 24h<\/td><td>$135.00<\/td>        <\/tr>\n            <tr data-row_id=\"121\" class=\"ninja_table_row_2 nt_row_id_121\">\n            <td>Holter CardioSTAT (48 h)<\/td><td>$350<\/td>        <\/tr>\n            <tr data-row_id=\"122\" class=\"ninja_table_row_3 nt_row_id_122\">\n            <td>CardioSTAT Holter 7 jours <\/td><td>$430<\/td>        <\/tr>\n            <tr data-row_id=\"123\" class=\"ninja_table_row_4 nt_row_id_123\">\n            <td>CardioSTAT Holter 14 jours <\/td><td>$530<\/td>        <\/tr>\n    <\/tbody><!--ninja_tobody_rendering_done-->\n    <\/table>\n    \n    \n    \n<\/div>\n<\/p>\t\t\t\t\t\t\t\t<\/div>\n\t\t\t\t\t<\/div>\n\t\t\t\t<\/div>\n\t\t<div class=\"wd-negative-gap elementor-element elementor-element-9f494c6 e-flex e-con-boxed e-con e-parent\" data-id=\"9f494c6\" data-element_type=\"container\">\n\t\t\t\t\t<div class=\"e-con-inner\">\n\t\t\t\t<div class=\"elementor-element elementor-element-c7275f9 elementor-widget elementor-widget-wd_text_block\" data-id=\"c7275f9\" data-element_type=\"widget\" data-widget_type=\"wd_text_block.default\">\n\t\t\t\t<div class=\"elementor-widget-container\">\n\t\t\t\t\t\t\t<div class=\"wd-text-block reset-last-child text-left\">\n\t\t\t\n\t\t\t<div id=\"footable_parent_9939\"\n         class=\"footable_parent ninja_table_wrapper loading_ninja_table wp_table_data_press_parent semantic_ui\">\n                    <h3 class=\"table_title footable_title\">Frais de consultation m\u00e9dicale<\/h3>\n                        <table data-ninja_table_instance=\"ninja_table_instance_5\" data-footable_id=\"9939\" data-filter-delay=\"1000\" aria-label=\"Frais de consultation m\u00e9dicale\"            id=\"footable_9939\"\n           data-unique_identifier=\"ninja_table_unique_id_3705812104_9939\"\n           class=\"foo-table ninja_footable foo_table_9939 ninja_table_unique_id_3705812104_9939 ui table  ninja_search_right nt_type_legacy_table selectable celled striped compact vertical_centered  footable-paging-right ninja_table_search_disabled\">\n                <colgroup>\n                            <col class=\"ninja_column_0\">\n                            <col class=\"ninja_column_1\">\n                    <\/colgroup>\n        <thead>\n<tr class=\"footable-header\">\n                                        <th scope=\"col\"  class=\"ninja_column_0 ninja_clmn_nm_conditions\">Consultations m\u00e9dicales<\/th><th scope=\"col\"  class=\"ninja_column_1 ninja_clmn_nm_conditions3\">Description<\/th><\/tr>\n<\/thead>\n<tbody>\n\n        <tr data-row_id=\"41\" class=\"ninja_table_row_0 nt_row_id_41\">\n            <td>Consultation r\u00e9guli\u00e8re <\/td><td> Un probl\u00e8me de sant\u00e9 actif  (pas un examen m\u00e9dical complet)<\/td>        <\/tr>\n            <tr data-row_id=\"42\" class=\"ninja_table_row_1 nt_row_id_42\">\n            <td>Consultation de suivi <\/td><td>Suivi n\u00e9cessaire apr\u00e8s une visite r\u00e9cente au cours de laquelle des tests ont pu \u00eatre effectu\u00e9s et un rendez-vous est n\u00e9cessaire pour en discuter. <\/td>        <\/tr>\n            <tr data-row_id=\"43\" class=\"ninja_table_row_2 nt_row_id_43\">\n            <td>\u00c9valuation m\u00e9dicale compl\u00e8te<\/td><td>\u00c9valuation compl\u00e8te de l'\u00e9tat de sant\u00e9 g\u00e9n\u00e9ral<\/td>        <\/tr>\n            <tr data-row_id=\"44\" class=\"ninja_table_row_3 nt_row_id_44\">\n            <td>Consultation de t\u00e9l\u00e9m\u00e9decine<\/td><td>Un suivi r\u00e9gulier par t\u00e9l\u00e9phone<\/td>        <\/tr>\n            <tr data-row_id=\"45\" class=\"ninja_table_row_4 nt_row_id_45\">\n            <td>Consultation urgente (dans les 24 heures)<\/td><td>Un probl\u00e8me de sant\u00e9 grave qui n\u00e9cessite un rendez-vous dans les 24 heures et\/ou le soir\/le week-end.<\/td>        <\/tr>\n            <tr data-row_id=\"46\" class=\"ninja_table_row_5 nt_row_id_46\">\n            <td>Consultation t\u00e9l\u00e9m\u00e9dicale urgente (dans les 24 heures)<\/td><td>An acute health issue needing an appointment within 24 hours over the phone<\/td>        <\/tr>\n    <\/tbody><!--ninja_tobody_rendering_done-->\n    <\/table>\n    \n    \n    \n<\/div>\n\n\t\t\t\t\t<\/div>\n\t\t\t\t\t\t<\/div>\n\t\t\t\t<\/div>\n\t\t\t\t\t<\/div>\n\t\t\t\t<\/div>\n\t\t\t\t<\/div>","protected":false},"excerpt":{"rendered":"<p>Cardiology Services &amp; Fees | Cura Sant\u00e9 &#8211; Holter Monitors, ECG &amp; ABPM Get transparent pricing for our cardiology services<\/p>","protected":false},"author":1,"featured_media":0,"parent":0,"menu_order":0,"comment_status":"closed","ping_status":"closed","template":"","meta":{"footnotes":""},"class_list":["post-10031","page","type-page","status-publish","hentry"],"_links":{"self":[{"href":"https:\/\/curamed.ca\/fr\/wp-json\/wp\/v2\/pages\/10031","targetHints":{"allow":["GET"]}}],"collection":[{"href":"https:\/\/curamed.ca\/fr\/wp-json\/wp\/v2\/pages"}],"about":[{"href":"https:\/\/curamed.ca\/fr\/wp-json\/wp\/v2\/types\/page"}],"author":[{"embeddable":true,"href":"https:\/\/curamed.ca\/fr\/wp-json\/wp\/v2\/users\/1"}],"replies":[{"embeddable":true,"href":"https:\/\/curamed.ca\/fr\/wp-json\/wp\/v2\/comments?post=10031"}],"version-history":[{"count":17,"href":"https:\/\/curamed.ca\/fr\/wp-json\/wp\/v2\/pages\/10031\/revisions"}],"predecessor-version":[{"id":10598,"href":"https:\/\/curamed.ca\/fr\/wp-json\/wp\/v2\/pages\/10031\/revisions\/10598"}],"wp:attachment":[{"href":"https:\/\/curamed.ca\/fr\/wp-json\/wp\/v2\/media?parent=10031"}],"curies":[{"name":"wp","href":"https:\/\/api.w.org\/{rel}","templated":true}]}}